{"id":23673,"date":"2025-04-07T14:47:35","date_gmt":"2025-04-07T11:47:35","guid":{"rendered":"https:\/\/kervanmagazacilik.com\/?post_type=product&#038;p=23673"},"modified":"2025-04-07T14:47:35","modified_gmt":"2025-04-07T11:47:35","slug":"072017700338","status":"publish","type":"product","link":"https:\/\/kervanmagazacilik.com\/index.php\/urun\/072017700338\/","title":{"rendered":"072017700338"},"content":{"rendered":"<p>072017700338<\/p>\n<p>RABY KIRLENT 50X50 CAMEL<\/p>\n<p>A Kuma\u015f:%100 Polyester<br \/>\nB Kuma\u015f:%100 Polyester<br \/>\nSadece kuru temizleme yap\u0131lmal\u0131d\u0131r<\/p>\n<p>ALT GRUP: SALON TEKST\u0130L\u0130<\/p>\n<p>KIRLENT: 50&#215;50 CM<\/p>\n","protected":false},"excerpt":{"rendered":"<p>072017700338 RABY KIRLENT 50X50 CAMEL A Kuma\u015f:%100 Polyester B Kuma\u015f:%100 Polyester Sadece kuru temizleme yap\u0131lmal\u0131d\u0131r ALT GRUP: SALON TEKST\u0130L\u0130 KIRLENT: 50&#215;50 CM<\/p>\n","protected":false},"featured_media":23674,"template":"","meta":[],"product_brand":[],"product_cat":[28],"product_tag":[5342],"class_list":{"0":"post-23673","1":"product","2":"type-product","3":"status-publish","4":"has-post-thumbnail","6":"product_cat-genel","7":"product_tag-5342","9":"first","10":"instock","11":"taxable","12":"shipping-taxable","13":"product-type-simple"},"_links":{"self":[{"href":"https:\/\/kervanmagazacilik.com\/index.php\/wp-json\/wp\/v2\/product\/23673","targetHints":{"allow":["GET"]}}],"collection":[{"href":"https:\/\/kervanmagazacilik.com\/index.php\/wp-json\/wp\/v2\/product"}],"about":[{"href":"https:\/\/kervanmagazacilik.com\/index.php\/wp-json\/wp\/v2\/types\/product"}],"wp:featuredmedia":[{"embeddable":true,"href":"https:\/\/kervanmagazacilik.com\/index.php\/wp-json\/wp\/v2\/media\/23674"}],"wp:attachment":[{"href":"https:\/\/kervanmagazacilik.com\/index.php\/wp-json\/wp\/v2\/media?parent=23673"}],"wp:term":[{"taxonomy":"product_brand","embeddable":true,"href":"https:\/\/kervanmagazacilik.com\/index.php\/wp-json\/wp\/v2\/product_brand?post=23673"},{"taxonomy":"product_cat","embeddable":true,"href":"https:\/\/kervanmagazacilik.com\/index.php\/wp-json\/wp\/v2\/product_cat?post=23673"},{"taxonomy":"product_tag","embeddable":true,"href":"https:\/\/kervanmagazacilik.com\/index.php\/wp-json\/wp\/v2\/product_tag?post=23673"}],"curies":[{"name":"wp","href":"https:\/\/api.w.org\/{rel}","templated":true}]}}