{"id":23647,"date":"2025-04-07T11:23:27","date_gmt":"2025-04-07T08:23:27","guid":{"rendered":"https:\/\/kervanmagazacilik.com\/?post_type=product&#038;p=23647"},"modified":"2025-04-07T11:23:28","modified_gmt":"2025-04-07T08:23:28","slug":"671tls000040","status":"publish","type":"product","link":"https:\/\/kervanmagazacilik.com\/index.php\/urun\/671tls000040\/","title":{"rendered":"671TLS000040"},"content":{"rendered":"<p>671TLS000040<\/p>\n<p>N\u0130KEA YEMEK TAKIMI 72 PARCA<\/p>\n<p>2 adet biberlik<\/p>\n<p>1 adet k\u00fcrdanlik<\/p>\n<p>1 adet \u00e7orba tenceresi<\/p>\n<p>1 adet \u00e7orba tenceresi\u00a0kapagi<\/p>\n<p>KULLANIM ESNASINDA D\u0130KKAT ED\u0130LMES\u0130 GEREKEN HUSUSLAR<br \/>\n\u00bb Do\u011frudan ate\u015fe temas ettirmeyiniz.<br \/>\n\u00bb Pasl\u0131 metaller ile temas\u0131ndan sak\u0131n\u0131n\u0131z.<br \/>\n\u00bb K\u0131r\u0131k ve \u00e7atlak par\u00e7alar\u0131 kullanmay\u0131n\u0131z.<br \/>\n\u00bb Uzun s\u00fcreli olarak kimyasal i\u00e7erikli maddeler ile temas ettirmeyiniz.<br \/>\n\u00bb Y\u00fcksek derecelerde ani \u0131s\u0131 de\u011fi\u015fikli\u011finden koruyunuz.<\/p>\n<p>KULLANIM \u00d6NER\u0130LER\u0130<br \/>\n\u00bb Sert temizlik maddeleri (bula\u015f\u0131k s\u00fcngerinin sert y\u00fczeyi gibi) \u00e7ama\u015f\u0131r suyu ve<br \/>\nbenzeri kimyasallar \u00fcr\u00fcn\u00fcn desenine zarar verebilece\u011finden yumu\u015fak s\u00fcnger ve<br \/>\ns\u0131v\u0131 deterjan kullan\u0131lmas\u0131 \u00f6nerilir.<br \/>\n\u00bb Hassas y\u0131kama program\u0131 ile d\u00fc\u015f\u00fck s\u0131cakl\u0131kta bula\u015f\u0131k makinesinde y\u0131kanabilir.<br \/>\n\u00bb Y\u0131kama esnas\u0131nda metal ve benzeri mutfak gere\u00e7leri ile birlikte y\u0131kamay\u0131n\u0131z.<br \/>\n\u00bb Y\u0131kama esnas\u0131nda \u00fcr\u00fcn\u00fcn\u00fcz\u00fc pasl\u0131 metal y\u00fczeyler ile temas ettirmeyiniz.<br \/>\n\u00bb Tabaklar\u0131 \u00fcst \u00fcste dizerken aralar\u0131na koruyucu \u00f6rt\u00fc sermeyi unutmayan\u0131z.<br \/>\n\u00bb G\u00fcvenli bir yerde, \u00e7ocuklar\u0131n\u0131z\u0131n ula\u015famayaca\u011f\u0131 bir yerde saklamay\u0131 tercih ediniz.<\/p>\n<p>DESENL\u0130 YEMEK TAKIMIMI BULA\u015eIK MAK\u0130NES\u0130NDE YIKAMAK<br \/>\nDESENLERE ZARAR VER\u0130R M\u0130?<br \/>\nY\u0131kama esnas\u0131nda jel deterjanlar kullan\u0131lmal\u0131 ve 30o<br \/>\nk\u0131sa programda y\u0131kama<br \/>\nyap\u0131lmal\u0131d\u0131r. Y\u0131kama s\u0131ras\u0131nda porselenlerin birbirleriyle temas halinde<br \/>\nolmamalar\u0131na \u00f6zen g\u00f6steriniz.<\/p>\n<p>YEMEK TAKIM PAR\u00c7ALARININ \u00dcZER\u0130NDE BEYAZ LEKELER OLU\u015eTU<br \/>\nNASIL \u00c7IKARTAB\u0130L\u0130R\u0130M?<br \/>\nSu sertli\u011finden dolay\u0131 olu\u015fabilecek lekeleri sirke ile kolayca temizleyebilirsiniz.<br \/>\nDesenler \u00fczerindeki lekelere bu i\u015flemi uygulamay\u0131n\u0131z.<\/p>\n<p>PORSELENLER\u0130 FIRINDA VE M\u0130KRODALGADA KULLANAB\u0130L\u0130R M\u0130Y\u0130M?<br \/>\nDesenlerinde alt\u0131n ve platin s\u00fcslemeler bulunmayan tak\u0131mlar, mikrodalga kullan\u0131m\u0131<br \/>\ni\u00e7in uygundur. Ancak s\u00fcslemelerinde alt\u0131n ya da platin bulunan tak\u0131mlar, kesinlikle<br \/>\nmikrodalgada kullan\u0131lamaz. Alt\u0131n, platin desenli ya da desensiz t\u00fcm porselen<br \/>\ntak\u0131mlar\u0131n f\u0131r\u0131nda kullan\u0131m\u0131 tavsiye edilmez. \u00c7\u00fcnk\u00fc buzdolab\u0131 ya da dondurucudan<br \/>\n\u00e7\u0131kard\u0131ktan sonra h\u0131zl\u0131 de\u011fi\u015fimine tabi tutmak ve \u00e7\u0131plak ate\u015fe maruz b\u0131rakmak, ani<br \/>\n\u0131s\u0131 de\u011fi\u015fimi nedeniyle \u015fok etkisi yaratarak \u00e7atlama ve k\u0131r\u0131lmalara neden olabilir.<\/p>\n","protected":false},"excerpt":{"rendered":"<p>671TLS000040 N\u0130KEA YEMEK TAKIMI 72 PARCA 2 adet biberlik 1 adet k\u00fcrdanlik 1 adet \u00e7orba tenceresi 1 adet \u00e7orba tenceresi\u00a0kapagi KULLANIM ESNASINDA D\u0130KKAT ED\u0130LMES\u0130 GEREKEN HUSUSLAR \u00bb Do\u011frudan ate\u015fe temas ettirmeyiniz. \u00bb Pasl\u0131 metaller ile temas\u0131ndan sak\u0131n\u0131n\u0131z. \u00bb K\u0131r\u0131k ve \u00e7atlak par\u00e7alar\u0131 kullanmay\u0131n\u0131z. \u00bb Uzun s\u00fcreli olarak kimyasal i\u00e7erikli maddeler ile temas ettirmeyiniz. \u00bb Y\u00fcksek [&hellip;]<\/p>\n","protected":false},"featured_media":23648,"template":"","meta":[],"product_brand":[],"product_cat":[171],"product_tag":[5336],"class_list":{"0":"post-23647","1":"product","2":"type-product","3":"status-publish","4":"has-post-thumbnail","6":"product_cat-671tls","7":"product_tag-671tls000040","9":"first","10":"instock","11":"taxable","12":"shipping-taxable","13":"product-type-simple"},"_links":{"self":[{"href":"https:\/\/kervanmagazacilik.com\/index.php\/wp-json\/wp\/v2\/product\/23647","targetHints":{"allow":["GET"]}}],"collection":[{"href":"https:\/\/kervanmagazacilik.com\/index.php\/wp-json\/wp\/v2\/product"}],"about":[{"href":"https:\/\/kervanmagazacilik.com\/index.php\/wp-json\/wp\/v2\/types\/product"}],"wp:featuredmedia":[{"embeddable":true,"href":"https:\/\/kervanmagazacilik.com\/index.php\/wp-json\/wp\/v2\/media\/23648"}],"wp:attachment":[{"href":"https:\/\/kervanmagazacilik.com\/index.php\/wp-json\/wp\/v2\/media?parent=23647"}],"wp:term":[{"taxonomy":"product_brand","embeddable":true,"href":"https:\/\/kervanmagazacilik.com\/index.php\/wp-json\/wp\/v2\/product_brand?post=23647"},{"taxonomy":"product_cat","embeddable":true,"href":"https:\/\/kervanmagazacilik.com\/index.php\/wp-json\/wp\/v2\/product_cat?post=23647"},{"taxonomy":"product_tag","embeddable":true,"href":"https:\/\/kervanmagazacilik.com\/index.php\/wp-json\/wp\/v2\/product_tag?post=23647"}],"curies":[{"name":"wp","href":"https:\/\/api.w.org\/{rel}","templated":true}]}}