{"id":23624,"date":"2025-04-03T15:09:24","date_gmt":"2025-04-03T12:09:24","guid":{"rendered":"https:\/\/kervanmagazacilik.com\/?post_type=product&#038;p=23624"},"modified":"2025-04-03T15:09:24","modified_gmt":"2025-04-03T12:09:24","slug":"900tng000060","status":"publish","type":"product","link":"https:\/\/kervanmagazacilik.com\/index.php\/urun\/900tng000060\/","title":{"rendered":"900TNG000060"},"content":{"rendered":"<p>900TNG000060<\/p>\n<p>\u00c7AM BONSA\u0130 YAPAY A\u011eA\u00c7 42 CM ( TH106042 )<\/p>\n","protected":false},"excerpt":{"rendered":"<p>900TNG000060 \u00c7AM BONSA\u0130 YAPAY A\u011eA\u00c7 42 CM ( TH106042 )<\/p>\n","protected":false},"featured_media":23625,"template":"","meta":[],"product_brand":[],"product_cat":[288],"product_tag":[5333],"class_list":{"0":"post-23624","1":"product","2":"type-product","3":"status-publish","4":"has-post-thumbnail","6":"product_cat-900sng","7":"product_tag-900tng000060","9":"first","10":"instock","11":"taxable","12":"shipping-taxable","13":"product-type-simple"},"_links":{"self":[{"href":"https:\/\/kervanmagazacilik.com\/index.php\/wp-json\/wp\/v2\/product\/23624","targetHints":{"allow":["GET"]}}],"collection":[{"href":"https:\/\/kervanmagazacilik.com\/index.php\/wp-json\/wp\/v2\/product"}],"about":[{"href":"https:\/\/kervanmagazacilik.com\/index.php\/wp-json\/wp\/v2\/types\/product"}],"wp:featuredmedia":[{"embeddable":true,"href":"https:\/\/kervanmagazacilik.com\/index.php\/wp-json\/wp\/v2\/media\/23625"}],"wp:attachment":[{"href":"https:\/\/kervanmagazacilik.com\/index.php\/wp-json\/wp\/v2\/media?parent=23624"}],"wp:term":[{"taxonomy":"product_brand","embeddable":true,"href":"https:\/\/kervanmagazacilik.com\/index.php\/wp-json\/wp\/v2\/product_brand?post=23624"},{"taxonomy":"product_cat","embeddable":true,"href":"https:\/\/kervanmagazacilik.com\/index.php\/wp-json\/wp\/v2\/product_cat?post=23624"},{"taxonomy":"product_tag","embeddable":true,"href":"https:\/\/kervanmagazacilik.com\/index.php\/wp-json\/wp\/v2\/product_tag?post=23624"}],"curies":[{"name":"wp","href":"https:\/\/api.w.org\/{rel}","templated":true}]}}