{"id":23616,"date":"2025-04-03T15:02:30","date_gmt":"2025-04-03T12:02:30","guid":{"rendered":"https:\/\/kervanmagazacilik.com\/?post_type=product&#038;p=23616"},"modified":"2025-04-03T15:02:31","modified_gmt":"2025-04-03T12:02:31","slug":"900tng000055","status":"publish","type":"product","link":"https:\/\/kervanmagazacilik.com\/index.php\/urun\/900tng000055\/","title":{"rendered":"900TNG000055"},"content":{"rendered":"<p>900TNG000055<\/p>\n<p>SELV\u0130 YAPAY A\u011eA\u00c7 156 CM ( TH106040 )<\/p>\n","protected":false},"excerpt":{"rendered":"<p>900TNG000055 SELV\u0130 YAPAY A\u011eA\u00c7 156 CM ( TH106040 )<\/p>\n","protected":false},"featured_media":23617,"template":"","meta":[],"product_brand":[],"product_cat":[288],"product_tag":[5329],"class_list":{"0":"post-23616","1":"product","2":"type-product","3":"status-publish","4":"has-post-thumbnail","6":"product_cat-900sng","7":"product_tag-900tng000055","9":"first","10":"instock","11":"taxable","12":"shipping-taxable","13":"product-type-simple"},"_links":{"self":[{"href":"https:\/\/kervanmagazacilik.com\/index.php\/wp-json\/wp\/v2\/product\/23616","targetHints":{"allow":["GET"]}}],"collection":[{"href":"https:\/\/kervanmagazacilik.com\/index.php\/wp-json\/wp\/v2\/product"}],"about":[{"href":"https:\/\/kervanmagazacilik.com\/index.php\/wp-json\/wp\/v2\/types\/product"}],"wp:featuredmedia":[{"embeddable":true,"href":"https:\/\/kervanmagazacilik.com\/index.php\/wp-json\/wp\/v2\/media\/23617"}],"wp:attachment":[{"href":"https:\/\/kervanmagazacilik.com\/index.php\/wp-json\/wp\/v2\/media?parent=23616"}],"wp:term":[{"taxonomy":"product_brand","embeddable":true,"href":"https:\/\/kervanmagazacilik.com\/index.php\/wp-json\/wp\/v2\/product_brand?post=23616"},{"taxonomy":"product_cat","embeddable":true,"href":"https:\/\/kervanmagazacilik.com\/index.php\/wp-json\/wp\/v2\/product_cat?post=23616"},{"taxonomy":"product_tag","embeddable":true,"href":"https:\/\/kervanmagazacilik.com\/index.php\/wp-json\/wp\/v2\/product_tag?post=23616"}],"curies":[{"name":"wp","href":"https:\/\/api.w.org\/{rel}","templated":true}]}}