{"id":2361,"date":"2024-08-23T17:38:02","date_gmt":"2024-08-23T14:38:02","guid":{"rendered":"https:\/\/kervanmagazacilik.com\/?post_type=product&#038;p=2361"},"modified":"2024-08-23T17:38:02","modified_gmt":"2024-08-23T14:38:02","slug":"611mut000008","status":"publish","type":"product","link":"https:\/\/kervanmagazacilik.com\/index.php\/urun\/611mut000008\/","title":{"rendered":"611MUT000008"},"content":{"rendered":"<p>611MUT000008<\/p>\n<p>ZEN ORTA SEHPA<\/p>\n<p>70x145x40cm ZEN-CT MS13\/M<\/p>\n<p>MAS\u0130F ME\u015eE S\u0130YAH METAL MAT<\/p>\n","protected":false},"excerpt":{"rendered":"<p>611MUT000008 ZEN ORTA SEHPA 70x145x40cm ZEN-CT MS13\/M MAS\u0130F ME\u015eE S\u0130YAH METAL MAT<\/p>\n","protected":false},"featured_media":2363,"template":"","meta":[],"product_brand":[],"product_cat":[81],"product_tag":[691],"class_list":{"0":"post-2361","1":"product","2":"type-product","3":"status-publish","4":"has-post-thumbnail","6":"product_cat-611mut","7":"product_tag-611mut000008","9":"first","10":"instock","11":"taxable","12":"shipping-taxable","13":"product-type-simple"},"_links":{"self":[{"href":"https:\/\/kervanmagazacilik.com\/index.php\/wp-json\/wp\/v2\/product\/2361","targetHints":{"allow":["GET"]}}],"collection":[{"href":"https:\/\/kervanmagazacilik.com\/index.php\/wp-json\/wp\/v2\/product"}],"about":[{"href":"https:\/\/kervanmagazacilik.com\/index.php\/wp-json\/wp\/v2\/types\/product"}],"wp:featuredmedia":[{"embeddable":true,"href":"https:\/\/kervanmagazacilik.com\/index.php\/wp-json\/wp\/v2\/media\/2363"}],"wp:attachment":[{"href":"https:\/\/kervanmagazacilik.com\/index.php\/wp-json\/wp\/v2\/media?parent=2361"}],"wp:term":[{"taxonomy":"product_brand","embeddable":true,"href":"https:\/\/kervanmagazacilik.com\/index.php\/wp-json\/wp\/v2\/product_brand?post=2361"},{"taxonomy":"product_cat","embeddable":true,"href":"https:\/\/kervanmagazacilik.com\/index.php\/wp-json\/wp\/v2\/product_cat?post=2361"},{"taxonomy":"product_tag","embeddable":true,"href":"https:\/\/kervanmagazacilik.com\/index.php\/wp-json\/wp\/v2\/product_tag?post=2361"}],"curies":[{"name":"wp","href":"https:\/\/api.w.org\/{rel}","templated":true}]}}