{"id":23608,"date":"2025-04-03T14:54:57","date_gmt":"2025-04-03T11:54:57","guid":{"rendered":"https:\/\/kervanmagazacilik.com\/?post_type=product&#038;p=23608"},"modified":"2025-04-03T14:54:57","modified_gmt":"2025-04-03T11:54:57","slug":"900tng000051","status":"publish","type":"product","link":"https:\/\/kervanmagazacilik.com\/index.php\/urun\/900tng000051\/","title":{"rendered":"900TNG000051"},"content":{"rendered":"<p>900TNG000051<\/p>\n<p>SELV\u0130 YAPAY A\u011eA\u00c7 92 CM ( TH106036 )<\/p>\n","protected":false},"excerpt":{"rendered":"<p>900TNG000051 SELV\u0130 YAPAY A\u011eA\u00c7 92 CM ( TH106036 )<\/p>\n","protected":false},"featured_media":23609,"template":"","meta":[],"product_brand":[],"product_cat":[288],"product_tag":[5325],"class_list":{"0":"post-23608","1":"product","2":"type-product","3":"status-publish","4":"has-post-thumbnail","6":"product_cat-900sng","7":"product_tag-900tng000051","9":"first","10":"instock","11":"taxable","12":"shipping-taxable","13":"product-type-simple"},"_links":{"self":[{"href":"https:\/\/kervanmagazacilik.com\/index.php\/wp-json\/wp\/v2\/product\/23608","targetHints":{"allow":["GET"]}}],"collection":[{"href":"https:\/\/kervanmagazacilik.com\/index.php\/wp-json\/wp\/v2\/product"}],"about":[{"href":"https:\/\/kervanmagazacilik.com\/index.php\/wp-json\/wp\/v2\/types\/product"}],"wp:featuredmedia":[{"embeddable":true,"href":"https:\/\/kervanmagazacilik.com\/index.php\/wp-json\/wp\/v2\/media\/23609"}],"wp:attachment":[{"href":"https:\/\/kervanmagazacilik.com\/index.php\/wp-json\/wp\/v2\/media?parent=23608"}],"wp:term":[{"taxonomy":"product_brand","embeddable":true,"href":"https:\/\/kervanmagazacilik.com\/index.php\/wp-json\/wp\/v2\/product_brand?post=23608"},{"taxonomy":"product_cat","embeddable":true,"href":"https:\/\/kervanmagazacilik.com\/index.php\/wp-json\/wp\/v2\/product_cat?post=23608"},{"taxonomy":"product_tag","embeddable":true,"href":"https:\/\/kervanmagazacilik.com\/index.php\/wp-json\/wp\/v2\/product_tag?post=23608"}],"curies":[{"name":"wp","href":"https:\/\/api.w.org\/{rel}","templated":true}]}}