{"id":2356,"date":"2024-08-23T17:36:09","date_gmt":"2024-08-23T14:36:09","guid":{"rendered":"https:\/\/kervanmagazacilik.com\/?post_type=product&#038;p=2356"},"modified":"2024-08-23T17:36:09","modified_gmt":"2024-08-23T14:36:09","slug":"611mut000009","status":"publish","type":"product","link":"https:\/\/kervanmagazacilik.com\/index.php\/urun\/611mut000009\/","title":{"rendered":"611MUT000009"},"content":{"rendered":"<p>611MUT000009<\/p>\n<p>ZEN YEMEK MASASI<\/p>\n<p>100x220x76cm ZEN-TB MM01\/M<\/p>\n<p>MAS\u0130F ME\u015eE MAT S\u0130YAH METAL<\/p>\n","protected":false},"excerpt":{"rendered":"<p>611MUT000009 ZEN YEMEK MASASI 100x220x76cm ZEN-TB MM01\/M MAS\u0130F ME\u015eE MAT S\u0130YAH METAL<\/p>\n","protected":false},"featured_media":2360,"template":"","meta":[],"product_brand":[],"product_cat":[81],"product_tag":[690],"class_list":{"0":"post-2356","1":"product","2":"type-product","3":"status-publish","4":"has-post-thumbnail","6":"product_cat-611mut","7":"product_tag-611mut000009","9":"first","10":"instock","11":"taxable","12":"shipping-taxable","13":"product-type-simple"},"_links":{"self":[{"href":"https:\/\/kervanmagazacilik.com\/index.php\/wp-json\/wp\/v2\/product\/2356","targetHints":{"allow":["GET"]}}],"collection":[{"href":"https:\/\/kervanmagazacilik.com\/index.php\/wp-json\/wp\/v2\/product"}],"about":[{"href":"https:\/\/kervanmagazacilik.com\/index.php\/wp-json\/wp\/v2\/types\/product"}],"wp:featuredmedia":[{"embeddable":true,"href":"https:\/\/kervanmagazacilik.com\/index.php\/wp-json\/wp\/v2\/media\/2360"}],"wp:attachment":[{"href":"https:\/\/kervanmagazacilik.com\/index.php\/wp-json\/wp\/v2\/media?parent=2356"}],"wp:term":[{"taxonomy":"product_brand","embeddable":true,"href":"https:\/\/kervanmagazacilik.com\/index.php\/wp-json\/wp\/v2\/product_brand?post=2356"},{"taxonomy":"product_cat","embeddable":true,"href":"https:\/\/kervanmagazacilik.com\/index.php\/wp-json\/wp\/v2\/product_cat?post=2356"},{"taxonomy":"product_tag","embeddable":true,"href":"https:\/\/kervanmagazacilik.com\/index.php\/wp-json\/wp\/v2\/product_tag?post=2356"}],"curies":[{"name":"wp","href":"https:\/\/api.w.org\/{rel}","templated":true}]}}