{"id":2355,"date":"2024-08-23T17:34:16","date_gmt":"2024-08-23T14:34:16","guid":{"rendered":"https:\/\/kervanmagazacilik.com\/?post_type=product&#038;p=2355"},"modified":"2024-08-23T17:34:16","modified_gmt":"2024-08-23T14:34:16","slug":"611mut000010","status":"publish","type":"product","link":"https:\/\/kervanmagazacilik.com\/index.php\/urun\/611mut000010\/","title":{"rendered":"611MUT000010"},"content":{"rendered":"<p>611MUT000010<\/p>\n<p>ZEN SANDALYE<\/p>\n<p>55x45x85cm ZEN-SL MSL\/02<\/p>\n<p>MAS\u0130F MAT S\u0130YAH<br \/>\nKAYIN AH\u015eAP<\/p>\n","protected":false},"excerpt":{"rendered":"<p>611MUT000010 ZEN SANDALYE 55x45x85cm ZEN-SL MSL\/02 MAS\u0130F MAT S\u0130YAH KAYIN AH\u015eAP<\/p>\n","protected":false},"featured_media":2354,"template":"","meta":[],"product_brand":[],"product_cat":[81],"product_tag":[689],"class_list":{"0":"post-2355","1":"product","2":"type-product","3":"status-publish","4":"has-post-thumbnail","6":"product_cat-611mut","7":"product_tag-611mut000010","9":"first","10":"instock","11":"taxable","12":"shipping-taxable","13":"product-type-simple"},"_links":{"self":[{"href":"https:\/\/kervanmagazacilik.com\/index.php\/wp-json\/wp\/v2\/product\/2355","targetHints":{"allow":["GET"]}}],"collection":[{"href":"https:\/\/kervanmagazacilik.com\/index.php\/wp-json\/wp\/v2\/product"}],"about":[{"href":"https:\/\/kervanmagazacilik.com\/index.php\/wp-json\/wp\/v2\/types\/product"}],"wp:featuredmedia":[{"embeddable":true,"href":"https:\/\/kervanmagazacilik.com\/index.php\/wp-json\/wp\/v2\/media\/2354"}],"wp:attachment":[{"href":"https:\/\/kervanmagazacilik.com\/index.php\/wp-json\/wp\/v2\/media?parent=2355"}],"wp:term":[{"taxonomy":"product_brand","embeddable":true,"href":"https:\/\/kervanmagazacilik.com\/index.php\/wp-json\/wp\/v2\/product_brand?post=2355"},{"taxonomy":"product_cat","embeddable":true,"href":"https:\/\/kervanmagazacilik.com\/index.php\/wp-json\/wp\/v2\/product_cat?post=2355"},{"taxonomy":"product_tag","embeddable":true,"href":"https:\/\/kervanmagazacilik.com\/index.php\/wp-json\/wp\/v2\/product_tag?post=2355"}],"curies":[{"name":"wp","href":"https:\/\/api.w.org\/{rel}","templated":true}]}}