{"id":23536,"date":"2025-03-13T15:08:30","date_gmt":"2025-03-13T12:08:30","guid":{"rendered":"https:\/\/kervanmagazacilik.com\/?post_type=product&#038;p=23536"},"modified":"2025-03-13T15:08:31","modified_gmt":"2025-03-13T12:08:31","slug":"611ard000008","status":"publish","type":"product","link":"https:\/\/kervanmagazacilik.com\/index.php\/urun\/611ard000008\/","title":{"rendered":"611ARD000008"},"content":{"rendered":"<p>611ARD000008<\/p>\n<p>ERIN \u00dc\u00c7L\u00dc KOLTUK DER\u0130 98x227x91cm 45\/A194S\/0-6260EP-450 450 SMOKE<\/p>\n<p>D\u00f6\u015femelik Kuma\u015f Bak\u0131m ve Onar\u0131m\u0131 Temizlik Kodu: S (Solvent Bazl\u0131 Temizlik) \u2022 A\u00e7\u0131klama: Temizlik Kodu &#8220;S&#8221;, kuma\u015f\u0131n yaln\u0131zca solvent bazl\u0131 temizleyiciler kullan\u0131larak temizlenmesi gerekti\u011fini g\u00f6sterir. Su bazl\u0131 temizleyiciler kuma\u015fa zarar verebilir. \u00d6nerilen Temizleme Y\u00f6ntemleri: 1. Vakumlama: o S\u0131kl\u0131k: Haftal\u0131k olarak veya gev\u015fek kir ve tozu temizlemek i\u00e7in gerekti\u011finde. o Teknik: Kuma\u015fa zarar vermemek i\u00e7in yumu\u015fak bir f\u0131r\u00e7a aparat\u0131 kullan\u0131n. Kuma\u015f\u0131n bozulmas\u0131n\u0131 \u00f6nlemek i\u00e7in kuma\u015f\u0131n k\u0131vr\u0131m y\u00f6n\u00fcnde vakumlay\u0131n. 2. Solvent Bazl\u0131 Temizlik: o \u00d6nerilen \u00dcr\u00fcnler: Kuru temizleme solventleri veya profesyonel solvent bazl\u0131 d\u00f6\u015feme temizleyicileri kullan\u0131n. o Y\u00f6ntem: \u25aa \u00c7\u00f6z\u00fcc\u00fcy\u00fc do\u011frudan kuma\u015fa de\u011fil, temiz bir bez veya s\u00fcngere uygulay\u0131n. \u25aa Etkilenen b\u00f6lgeyi nazik\u00e7e kurulay\u0131n, liflere zarar verebilece\u011finden ovalamaktan ka\u00e7\u0131n\u0131n. \u25aa Temizlikten sonra kuma\u015f\u0131n tamamen kurumas\u0131n\u0131 bekleyin. 3. Leke Tedavisi: o Ya\u011f Bazl\u0131 Lekeler: Ya\u011f ve gresin \u00e7\u0131kar\u0131lmas\u0131 i\u00e7in tasarlanm\u0131\u015f solvent bazl\u0131 bir temizleyici kullan\u0131n. o Ya\u011f D\u0131\u015f\u0131 Lekeler: \u00d6zel kuma\u015f t\u00fcr\u00fcn\u00fcze uygun bir \u00e7\u00f6z\u00fcc\u00fc kullan\u0131lmal\u0131d\u0131r. o \u0130pucu: \u00c7\u00f6z\u00fcc\u00fcy\u00fc lekeye uygulamadan \u00f6nce daima k\u00fc\u00e7\u00fck, g\u00f6ze \u00e7arpmayan bir alanda test edin. 4. Profesyonel Temizlik: o D\u00f6\u015femenin derinlemesine temizlenmesi gerekiyorsa, solvent bazl\u0131 y\u00f6ntemler konusunda deneyimli profesyonel bir temizleyiciye dan\u0131\u015f\u0131n.<br \/>\nTemizlik Kodu: WS (Solvent ile Su Bazl\u0131 Temizlik) \u2022 A\u00e7\u0131klama: Temizlik Kodu &#8220;WS&#8221;, kuma\u015f\u0131n hem su hem de solvent bazl\u0131 temizleyicilerle temizlenebilece\u011fini g\u00f6sterir. Bu, temizleme y\u00f6ntemlerinde daha fazla esneklik sa\u011flar. \u00d6nerilen Temizleme Y\u00f6ntemleri: 1. S\u00fcp\u00fcrme: o S\u0131kl\u0131k: Haftal\u0131k veya gerekti\u011finde. o Teknik: Kir ve tozu temizlemek i\u00e7in yumu\u015fak f\u0131r\u00e7a aparatl\u0131 bir vakum kullan\u0131n. Her zaman kuma\u015f\u0131n dokuma y\u00f6n\u00fcnde s\u00fcp\u00fcr\u00fcn. 2. Su Bazl\u0131 Temizlik: o \u00d6nerilen \u00dcr\u00fcnler: Hafif deterjan, d\u00f6\u015feme \u015fampuanlar\u0131 veya su bazl\u0131 temizlik i\u00e7in tasarlanm\u0131\u015f kuma\u015fa \u00f6zel temizleyiciler. o Y\u00f6ntem: \u25aa Deterjan\u0131 suyla kar\u0131\u015ft\u0131r\u0131n (\u00fcreticinin talimatlar\u0131n\u0131 izleyin). \u25aa Temiz bir bezi veya s\u00fcngeri sol\u00fcsyonla \u0131slat\u0131n, ard\u0131ndan kuma\u015f\u0131 nazik\u00e7e kurulay\u0131n.<\/p>\n<p>\u25aa Kuma\u015f\u0131 a\u015f\u0131r\u0131 doyurmaktan ka\u00e7\u0131n\u0131n. Deterjan kal\u0131nt\u0131lar\u0131n\u0131 gidermek i\u00e7in gerekirse nemli bir bezle durulay\u0131n. \u25aa Kuma\u015f\u0131n iyice kurumas\u0131n\u0131 bekleyin. 3. Solvent Bazl\u0131 Temizlik (Zorlu Lekeler veya Derin Temizlik \u0130\u00e7in): o Y\u00f6ntem: &#8220;S&#8221; temizlik kodu b\u00f6l\u00fcm\u00fcnde a\u00e7\u0131kland\u0131\u011f\u0131 gibi solvent bazl\u0131 bir temizleyici kullan\u0131n. Solventi \u00f6nce k\u00fc\u00e7\u00fck, gizli bir alanda test etme konusunda ayn\u0131 \u00f6nlemleri ald\u0131\u011f\u0131n\u0131zdan emin olun. 4. Leke Tedavisi: o Suda \u00c7\u00f6z\u00fcnen Lekeler: Yiyecek, i\u00e7ecek veya kir gibi lekeler i\u00e7in hafif su bazl\u0131 bir temizleyici (\u00f6rn. d\u00f6\u015feme \u015fampuan\u0131) kullan\u0131n. o Ya\u011f Bazl\u0131 Lekeler: Ya\u011fl\u0131 lekeleri \u00e7\u0131karmak i\u00e7in solvent bazl\u0131 bir temizleyici uygulay\u0131n. 5. Profesyonel Temizlik: o \u015e\u00fcpheniz varsa veya lekeler devam ediyorsa, hassas veya \u00e7ok kirli kuma\u015flar i\u00e7in profesyonel temizlik hizmetleri \u00f6nerilir.<br \/>\nGenel D\u00f6\u015feme Bak\u0131m\u0131 \u0130pu\u00e7lar\u0131: \u2022 Do\u011frudan G\u00fcne\u015f I\u015f\u0131\u011f\u0131ndan Ka\u00e7\u0131n\u0131n: Do\u011frudan g\u00fcne\u015f \u0131\u015f\u0131\u011f\u0131na uzun s\u00fcre maruz kalmak kuma\u015f liflerinin solmas\u0131na veya bozulmas\u0131na neden olabilir. \u2022 Minderleri Kabart\u0131n: E\u015fit a\u015f\u0131nma ve g\u00f6r\u00fcn\u00fcm\u00fc korumak i\u00e7in yast\u0131klar\u0131 d\u00fczenli olarak kabart\u0131n ve d\u00f6nd\u00fcr\u00fcn. \u2022 D\u00f6k\u00fclmeleri \u00d6nleyin: D\u00f6k\u00fclenleri temiz, kuru bir bezle kurulayarak (asla ovalamadan) derhal temizleyin. Leke t\u00fcr\u00fcne g\u00f6re uygun temizleme y\u00f6ntemini uygulay\u0131n. \u2022 Kuma\u015f Korumas\u0131: \u00d6zellikle a\u00e7\u0131k renkli d\u00f6\u015femelerde lekelerin liflere n\u00fcfuz etmesini \u00f6nlemek i\u00e7in bir kuma\u015f koruyucu sprey kullanmay\u0131 d\u00fc\u015f\u00fcn\u00fcn.<br \/>\nUyar\u0131lar ve \u0130kazlar: \u2022 Herhangi bir temizleme y\u00f6ntemine ge\u00e7meden \u00f6nce daima \u00fcreticinin bak\u0131m etiketini kontrol edin. \u2022 Kuma\u015fa zarar verebilecek veya \u00e7ekmeye neden olabilecek a\u015f\u0131r\u0131 su veya solvent temizleyicileri kullanmaktan ka\u00e7\u0131n\u0131n. \u2022 \u00c7ok kirli veya hassas kuma\u015flar i\u00e7in profesyonel bir temizlik hizmetine dan\u0131\u015fmay\u0131 d\u00fc\u015f\u00fcn\u00fcn.<br \/>\nBu veri sayfas\u0131, &#8220;S&#8221; ve &#8220;WS&#8221; Temizlik Kodlar\u0131na sahip d\u00f6\u015femelik kuma\u015flar\u0131n temizli\u011fi ve bak\u0131m\u0131 i\u00e7in gerekli bilgileri verecektir. Hasar\u0131 \u00f6nlemek i\u00e7in tam bir temizli\u011fe ge\u00e7meden \u00f6nce her zaman temizlik y\u00f6ntemlerini gizli bir alanda test edin.<\/p>\n","protected":false},"excerpt":{"rendered":"<p>611ARD000008 ERIN \u00dc\u00c7L\u00dc KOLTUK DER\u0130 98x227x91cm 45\/A194S\/0-6260EP-450 450 SMOKE D\u00f6\u015femelik Kuma\u015f Bak\u0131m ve Onar\u0131m\u0131 Temizlik Kodu: S (Solvent Bazl\u0131 Temizlik) \u2022 A\u00e7\u0131klama: Temizlik Kodu &#8220;S&#8221;, kuma\u015f\u0131n yaln\u0131zca solvent bazl\u0131 temizleyiciler kullan\u0131larak temizlenmesi gerekti\u011fini g\u00f6sterir. Su bazl\u0131 temizleyiciler kuma\u015fa zarar verebilir. \u00d6nerilen Temizleme Y\u00f6ntemleri: 1. Vakumlama: o S\u0131kl\u0131k: Haftal\u0131k olarak veya gev\u015fek kir ve tozu temizlemek [&hellip;]<\/p>\n","protected":false},"featured_media":23537,"template":"","meta":[],"product_brand":[],"product_cat":[5294],"product_tag":[5301],"class_list":{"0":"post-23536","1":"product","2":"type-product","3":"status-publish","4":"has-post-thumbnail","6":"product_cat-611ard","7":"product_tag-611ard000008","9":"first","10":"instock","11":"taxable","12":"shipping-taxable","13":"product-type-simple"},"_links":{"self":[{"href":"https:\/\/kervanmagazacilik.com\/index.php\/wp-json\/wp\/v2\/product\/23536","targetHints":{"allow":["GET"]}}],"collection":[{"href":"https:\/\/kervanmagazacilik.com\/index.php\/wp-json\/wp\/v2\/product"}],"about":[{"href":"https:\/\/kervanmagazacilik.com\/index.php\/wp-json\/wp\/v2\/types\/product"}],"wp:featuredmedia":[{"embeddable":true,"href":"https:\/\/kervanmagazacilik.com\/index.php\/wp-json\/wp\/v2\/media\/23537"}],"wp:attachment":[{"href":"https:\/\/kervanmagazacilik.com\/index.php\/wp-json\/wp\/v2\/media?parent=23536"}],"wp:term":[{"taxonomy":"product_brand","embeddable":true,"href":"https:\/\/kervanmagazacilik.com\/index.php\/wp-json\/wp\/v2\/product_brand?post=23536"},{"taxonomy":"product_cat","embeddable":true,"href":"https:\/\/kervanmagazacilik.com\/index.php\/wp-json\/wp\/v2\/product_cat?post=23536"},{"taxonomy":"product_tag","embeddable":true,"href":"https:\/\/kervanmagazacilik.com\/index.php\/wp-json\/wp\/v2\/product_tag?post=23536"}],"curies":[{"name":"wp","href":"https:\/\/api.w.org\/{rel}","templated":true}]}}