{"id":2350,"date":"2024-08-23T17:32:33","date_gmt":"2024-08-23T14:32:33","guid":{"rendered":"https:\/\/kervanmagazacilik.com\/?post_type=product&#038;p=2350"},"modified":"2024-08-23T17:32:33","modified_gmt":"2024-08-23T14:32:33","slug":"611mut000011","status":"publish","type":"product","link":"https:\/\/kervanmagazacilik.com\/index.php\/urun\/611mut000011\/","title":{"rendered":"611MUT000011"},"content":{"rendered":"<p>611MUT000011<\/p>\n<p>ZEN KONSOL<\/p>\n<p>50x220x85cm ZEN-CL MK03\/M<\/p>\n<p>MAS\u0130F ME\u015eE S\u0130YAH MAT LAKE<\/p>\n","protected":false},"excerpt":{"rendered":"<p>611MUT000011 ZEN KONSOL 50x220x85cm ZEN-CL MK03\/M MAS\u0130F ME\u015eE S\u0130YAH MAT LAKE<\/p>\n","protected":false},"featured_media":2354,"template":"","meta":[],"product_brand":[],"product_cat":[81],"product_tag":[688],"class_list":{"0":"post-2350","1":"product","2":"type-product","3":"status-publish","4":"has-post-thumbnail","6":"product_cat-611mut","7":"product_tag-611mut000011","9":"first","10":"instock","11":"taxable","12":"shipping-taxable","13":"product-type-simple"},"_links":{"self":[{"href":"https:\/\/kervanmagazacilik.com\/index.php\/wp-json\/wp\/v2\/product\/2350","targetHints":{"allow":["GET"]}}],"collection":[{"href":"https:\/\/kervanmagazacilik.com\/index.php\/wp-json\/wp\/v2\/product"}],"about":[{"href":"https:\/\/kervanmagazacilik.com\/index.php\/wp-json\/wp\/v2\/types\/product"}],"wp:featuredmedia":[{"embeddable":true,"href":"https:\/\/kervanmagazacilik.com\/index.php\/wp-json\/wp\/v2\/media\/2354"}],"wp:attachment":[{"href":"https:\/\/kervanmagazacilik.com\/index.php\/wp-json\/wp\/v2\/media?parent=2350"}],"wp:term":[{"taxonomy":"product_brand","embeddable":true,"href":"https:\/\/kervanmagazacilik.com\/index.php\/wp-json\/wp\/v2\/product_brand?post=2350"},{"taxonomy":"product_cat","embeddable":true,"href":"https:\/\/kervanmagazacilik.com\/index.php\/wp-json\/wp\/v2\/product_cat?post=2350"},{"taxonomy":"product_tag","embeddable":true,"href":"https:\/\/kervanmagazacilik.com\/index.php\/wp-json\/wp\/v2\/product_tag?post=2350"}],"curies":[{"name":"wp","href":"https:\/\/api.w.org\/{rel}","templated":true}]}}