{"id":23379,"date":"2025-03-11T15:24:06","date_gmt":"2025-03-11T12:24:06","guid":{"rendered":"https:\/\/kervanmagazacilik.com\/?post_type=product&#038;p=23379"},"modified":"2025-03-11T15:24:06","modified_gmt":"2025-03-11T12:24:06","slug":"759jnh000011","status":"publish","type":"product","link":"https:\/\/kervanmagazacilik.com\/index.php\/urun\/759jnh000011\/","title":{"rendered":"759JNH000011"},"content":{"rendered":"<p>759JNH000011<\/p>\n<p>ZP27004GTW\/BH12-M CAY F\u0130NCANI 190mL 6&#8217;LI<\/p>\n<p>ELDE YUMU\u015eAK S\u00dcNGERLE YIKAMAYA UYGUNDUR.<\/p>\n","protected":false},"excerpt":{"rendered":"<p>759JNH000011 ZP27004GTW\/BH12-M CAY F\u0130NCANI 190mL 6&#8217;LI ELDE YUMU\u015eAK S\u00dcNGERLE YIKAMAYA UYGUNDUR.<\/p>\n","protected":false},"featured_media":23380,"template":"","meta":[],"product_brand":[],"product_cat":[5000],"product_tag":[5274],"class_list":{"0":"post-23379","1":"product","2":"type-product","3":"status-publish","4":"has-post-thumbnail","6":"product_cat-759jhn","7":"product_tag-759jnh000011","9":"first","10":"instock","11":"taxable","12":"shipping-taxable","13":"product-type-simple"},"_links":{"self":[{"href":"https:\/\/kervanmagazacilik.com\/index.php\/wp-json\/wp\/v2\/product\/23379","targetHints":{"allow":["GET"]}}],"collection":[{"href":"https:\/\/kervanmagazacilik.com\/index.php\/wp-json\/wp\/v2\/product"}],"about":[{"href":"https:\/\/kervanmagazacilik.com\/index.php\/wp-json\/wp\/v2\/types\/product"}],"wp:featuredmedia":[{"embeddable":true,"href":"https:\/\/kervanmagazacilik.com\/index.php\/wp-json\/wp\/v2\/media\/23380"}],"wp:attachment":[{"href":"https:\/\/kervanmagazacilik.com\/index.php\/wp-json\/wp\/v2\/media?parent=23379"}],"wp:term":[{"taxonomy":"product_brand","embeddable":true,"href":"https:\/\/kervanmagazacilik.com\/index.php\/wp-json\/wp\/v2\/product_brand?post=23379"},{"taxonomy":"product_cat","embeddable":true,"href":"https:\/\/kervanmagazacilik.com\/index.php\/wp-json\/wp\/v2\/product_cat?post=23379"},{"taxonomy":"product_tag","embeddable":true,"href":"https:\/\/kervanmagazacilik.com\/index.php\/wp-json\/wp\/v2\/product_tag?post=23379"}],"curies":[{"name":"wp","href":"https:\/\/api.w.org\/{rel}","templated":true}]}}