{"id":23373,"date":"2025-03-11T15:18:47","date_gmt":"2025-03-11T12:18:47","guid":{"rendered":"https:\/\/kervanmagazacilik.com\/?post_type=product&#038;p=23373"},"modified":"2025-03-11T15:18:47","modified_gmt":"2025-03-11T12:18:47","slug":"759jnh000010","status":"publish","type":"product","link":"https:\/\/kervanmagazacilik.com\/index.php\/urun\/759jnh000010\/","title":{"rendered":"759JNH000010"},"content":{"rendered":"<p>759JNH000010<\/p>\n<p>ZP27003GTW\/BH12-M KAHVE F\u0130NCANI 90ml 6&#8217;LI<\/p>\n<p>ELDE YUMU\u015eAK S\u00dcNGERLE YIKAMAYA UYGUNDUR.<\/p>\n<p>&nbsp;<\/p>\n","protected":false},"excerpt":{"rendered":"<p>759JNH000010 ZP27003GTW\/BH12-M KAHVE F\u0130NCANI 90ml 6&#8217;LI ELDE YUMU\u015eAK S\u00dcNGERLE YIKAMAYA UYGUNDUR. &nbsp;<\/p>\n","protected":false},"featured_media":23374,"template":"","meta":[],"product_brand":[],"product_cat":[5000],"product_tag":[5273],"class_list":{"0":"post-23373","1":"product","2":"type-product","3":"status-publish","4":"has-post-thumbnail","6":"product_cat-759jhn","7":"product_tag-759jnh000010","9":"first","10":"instock","11":"taxable","12":"shipping-taxable","13":"product-type-simple"},"_links":{"self":[{"href":"https:\/\/kervanmagazacilik.com\/index.php\/wp-json\/wp\/v2\/product\/23373","targetHints":{"allow":["GET"]}}],"collection":[{"href":"https:\/\/kervanmagazacilik.com\/index.php\/wp-json\/wp\/v2\/product"}],"about":[{"href":"https:\/\/kervanmagazacilik.com\/index.php\/wp-json\/wp\/v2\/types\/product"}],"wp:featuredmedia":[{"embeddable":true,"href":"https:\/\/kervanmagazacilik.com\/index.php\/wp-json\/wp\/v2\/media\/23374"}],"wp:attachment":[{"href":"https:\/\/kervanmagazacilik.com\/index.php\/wp-json\/wp\/v2\/media?parent=23373"}],"wp:term":[{"taxonomy":"product_brand","embeddable":true,"href":"https:\/\/kervanmagazacilik.com\/index.php\/wp-json\/wp\/v2\/product_brand?post=23373"},{"taxonomy":"product_cat","embeddable":true,"href":"https:\/\/kervanmagazacilik.com\/index.php\/wp-json\/wp\/v2\/product_cat?post=23373"},{"taxonomy":"product_tag","embeddable":true,"href":"https:\/\/kervanmagazacilik.com\/index.php\/wp-json\/wp\/v2\/product_tag?post=23373"}],"curies":[{"name":"wp","href":"https:\/\/api.w.org\/{rel}","templated":true}]}}