{"id":2329,"date":"2024-08-23T17:19:06","date_gmt":"2024-08-23T14:19:06","guid":{"rendered":"https:\/\/kervanmagazacilik.com\/?post_type=product&#038;p=2329"},"modified":"2024-08-23T17:19:06","modified_gmt":"2024-08-23T14:19:06","slug":"611mut000017","status":"publish","type":"product","link":"https:\/\/kervanmagazacilik.com\/index.php\/urun\/611mut000017\/","title":{"rendered":"611MUT000017"},"content":{"rendered":"<p>611MUT000017<\/p>\n<p>BELT SANDALYE<\/p>\n<p>55x45x85cm BELT-SL MSL\/03<\/p>\n<p>MAS\u0130F KESTANE BOYA<br \/>\nKAYIN AH\u015eAP<br \/>\nSUN\u0130 DER\u0130<\/p>\n","protected":false},"excerpt":{"rendered":"<p>611MUT000017 BELT SANDALYE 55x45x85cm BELT-SL MSL\/03 MAS\u0130F KESTANE BOYA KAYIN AH\u015eAP SUN\u0130 DER\u0130<\/p>\n","protected":false},"featured_media":2331,"template":"","meta":[],"product_brand":[],"product_cat":[81],"product_tag":[682],"class_list":{"0":"post-2329","1":"product","2":"type-product","3":"status-publish","4":"has-post-thumbnail","6":"product_cat-611mut","7":"product_tag-611mut000017","9":"first","10":"instock","11":"taxable","12":"shipping-taxable","13":"product-type-simple"},"_links":{"self":[{"href":"https:\/\/kervanmagazacilik.com\/index.php\/wp-json\/wp\/v2\/product\/2329","targetHints":{"allow":["GET"]}}],"collection":[{"href":"https:\/\/kervanmagazacilik.com\/index.php\/wp-json\/wp\/v2\/product"}],"about":[{"href":"https:\/\/kervanmagazacilik.com\/index.php\/wp-json\/wp\/v2\/types\/product"}],"wp:featuredmedia":[{"embeddable":true,"href":"https:\/\/kervanmagazacilik.com\/index.php\/wp-json\/wp\/v2\/media\/2331"}],"wp:attachment":[{"href":"https:\/\/kervanmagazacilik.com\/index.php\/wp-json\/wp\/v2\/media?parent=2329"}],"wp:term":[{"taxonomy":"product_brand","embeddable":true,"href":"https:\/\/kervanmagazacilik.com\/index.php\/wp-json\/wp\/v2\/product_brand?post=2329"},{"taxonomy":"product_cat","embeddable":true,"href":"https:\/\/kervanmagazacilik.com\/index.php\/wp-json\/wp\/v2\/product_cat?post=2329"},{"taxonomy":"product_tag","embeddable":true,"href":"https:\/\/kervanmagazacilik.com\/index.php\/wp-json\/wp\/v2\/product_tag?post=2329"}],"curies":[{"name":"wp","href":"https:\/\/api.w.org\/{rel}","templated":true}]}}