{"id":23247,"date":"2025-03-05T13:30:50","date_gmt":"2025-03-05T10:30:50","guid":{"rendered":"https:\/\/kervanmagazacilik.com\/?post_type=product&#038;p=23247"},"modified":"2025-03-05T13:30:50","modified_gmt":"2025-03-05T10:30:50","slug":"611fjh000027","status":"publish","type":"product","link":"https:\/\/kervanmagazacilik.com\/index.php\/urun\/611fjh000027\/","title":{"rendered":"611FJH000027"},"content":{"rendered":"<p>611FJH000027<\/p>\n<p>SANDALYE BEYAZ 37x35x89cm JF231000R<\/p>\n<p>SERAM\u0130K MOZA\u0130K KAPLAMA<br \/>\nMETAL<br \/>\nM\u0130NDERL\u0130<\/p>\n<p>A\u015f\u0131nd\u0131r\u0131c\u0131 olmayan nemli bir bez yard\u0131m\u0131yla temizlenmelidir.<br \/>\nMinder Temizli\u011fi : \u00c7ama\u015f\u0131r suyu kullanmadan elde so\u011fuk su ile y\u0131kanmal\u0131,makineye at\u0131lmamaml\u0131 \u00fct\u00fclenmemeli ve g\u00fcne\u015fe maruz b\u0131rak\u0131lmamal\u0131d\u0131r,kurutma makinas\u0131nda kurutulamaz<\/p>\n","protected":false},"excerpt":{"rendered":"<p>611FJH000027 SANDALYE BEYAZ 37x35x89cm JF231000R SERAM\u0130K MOZA\u0130K KAPLAMA METAL M\u0130NDERL\u0130 A\u015f\u0131nd\u0131r\u0131c\u0131 olmayan nemli bir bez yard\u0131m\u0131yla temizlenmelidir. Minder Temizli\u011fi : \u00c7ama\u015f\u0131r suyu kullanmadan elde so\u011fuk su ile y\u0131kanmal\u0131,makineye at\u0131lmamaml\u0131 \u00fct\u00fclenmemeli ve g\u00fcne\u015fe maruz b\u0131rak\u0131lmamal\u0131d\u0131r,kurutma makinas\u0131nda kurutulamaz<\/p>\n","protected":false},"featured_media":23248,"template":"","meta":[],"product_brand":[],"product_cat":[155],"product_tag":[5246],"class_list":{"0":"post-23247","1":"product","2":"type-product","3":"status-publish","4":"has-post-thumbnail","6":"product_cat-611fjh","7":"product_tag-611fjh000027","9":"first","10":"instock","11":"taxable","12":"shipping-taxable","13":"product-type-simple"},"_links":{"self":[{"href":"https:\/\/kervanmagazacilik.com\/index.php\/wp-json\/wp\/v2\/product\/23247","targetHints":{"allow":["GET"]}}],"collection":[{"href":"https:\/\/kervanmagazacilik.com\/index.php\/wp-json\/wp\/v2\/product"}],"about":[{"href":"https:\/\/kervanmagazacilik.com\/index.php\/wp-json\/wp\/v2\/types\/product"}],"wp:featuredmedia":[{"embeddable":true,"href":"https:\/\/kervanmagazacilik.com\/index.php\/wp-json\/wp\/v2\/media\/23248"}],"wp:attachment":[{"href":"https:\/\/kervanmagazacilik.com\/index.php\/wp-json\/wp\/v2\/media?parent=23247"}],"wp:term":[{"taxonomy":"product_brand","embeddable":true,"href":"https:\/\/kervanmagazacilik.com\/index.php\/wp-json\/wp\/v2\/product_brand?post=23247"},{"taxonomy":"product_cat","embeddable":true,"href":"https:\/\/kervanmagazacilik.com\/index.php\/wp-json\/wp\/v2\/product_cat?post=23247"},{"taxonomy":"product_tag","embeddable":true,"href":"https:\/\/kervanmagazacilik.com\/index.php\/wp-json\/wp\/v2\/product_tag?post=23247"}],"curies":[{"name":"wp","href":"https:\/\/api.w.org\/{rel}","templated":true}]}}