{"id":23237,"date":"2025-03-05T13:23:34","date_gmt":"2025-03-05T10:23:34","guid":{"rendered":"https:\/\/kervanmagazacilik.com\/?post_type=product&#038;p=23237"},"modified":"2025-03-05T13:23:34","modified_gmt":"2025-03-05T10:23:34","slug":"611fjh000015","status":"publish","type":"product","link":"https:\/\/kervanmagazacilik.com\/index.php\/urun\/611fjh000015\/","title":{"rendered":"611FJH000015"},"content":{"rendered":"<p>611FJH000015<\/p>\n<p>OVAL SEHPA KAHVERENG\u0130 60x40x59cm JF052866R<\/p>\n<p>SERAM\u0130K MOZA\u0130K KAPLAMA<br \/>\nMETAL<br \/>\nM\u0130NDERL\u0130<\/p>\n<p>A\u015f\u0131nd\u0131r\u0131c\u0131 olmayan nemli bir bez yard\u0131m\u0131yla temizlenmelidir.<br \/>\nMinder Temizli\u011fi : 30C s\u0131cakl\u0131ktaki suda \u00e7ama\u015f\u0131r suyu kullanmadan elde y\u0131kanmal\u0131, \u00fct\u00fclenmemeli ve g\u00fcne\u015fe maruz b\u0131rak\u0131lmamal\u0131d\u0131r.<\/p>\n","protected":false},"excerpt":{"rendered":"<p>611FJH000015 OVAL SEHPA KAHVERENG\u0130 60x40x59cm JF052866R SERAM\u0130K MOZA\u0130K KAPLAMA METAL M\u0130NDERL\u0130 A\u015f\u0131nd\u0131r\u0131c\u0131 olmayan nemli bir bez yard\u0131m\u0131yla temizlenmelidir. Minder Temizli\u011fi : 30C s\u0131cakl\u0131ktaki suda \u00e7ama\u015f\u0131r suyu kullanmadan elde y\u0131kanmal\u0131, \u00fct\u00fclenmemeli ve g\u00fcne\u015fe maruz b\u0131rak\u0131lmamal\u0131d\u0131r.<\/p>\n","protected":false},"featured_media":23238,"template":"","meta":[],"product_brand":[],"product_cat":[155],"product_tag":[5244],"class_list":{"0":"post-23237","1":"product","2":"type-product","3":"status-publish","4":"has-post-thumbnail","6":"product_cat-611fjh","7":"product_tag-611fjh000015","9":"first","10":"instock","11":"taxable","12":"shipping-taxable","13":"product-type-simple"},"_links":{"self":[{"href":"https:\/\/kervanmagazacilik.com\/index.php\/wp-json\/wp\/v2\/product\/23237","targetHints":{"allow":["GET"]}}],"collection":[{"href":"https:\/\/kervanmagazacilik.com\/index.php\/wp-json\/wp\/v2\/product"}],"about":[{"href":"https:\/\/kervanmagazacilik.com\/index.php\/wp-json\/wp\/v2\/types\/product"}],"wp:featuredmedia":[{"embeddable":true,"href":"https:\/\/kervanmagazacilik.com\/index.php\/wp-json\/wp\/v2\/media\/23238"}],"wp:attachment":[{"href":"https:\/\/kervanmagazacilik.com\/index.php\/wp-json\/wp\/v2\/media?parent=23237"}],"wp:term":[{"taxonomy":"product_brand","embeddable":true,"href":"https:\/\/kervanmagazacilik.com\/index.php\/wp-json\/wp\/v2\/product_brand?post=23237"},{"taxonomy":"product_cat","embeddable":true,"href":"https:\/\/kervanmagazacilik.com\/index.php\/wp-json\/wp\/v2\/product_cat?post=23237"},{"taxonomy":"product_tag","embeddable":true,"href":"https:\/\/kervanmagazacilik.com\/index.php\/wp-json\/wp\/v2\/product_tag?post=23237"}],"curies":[{"name":"wp","href":"https:\/\/api.w.org\/{rel}","templated":true}]}}