{"id":23233,"date":"2025-03-05T13:06:16","date_gmt":"2025-03-05T10:06:16","guid":{"rendered":"https:\/\/kervanmagazacilik.com\/?post_type=product&#038;p=23233"},"modified":"2025-03-05T13:06:16","modified_gmt":"2025-03-05T10:06:16","slug":"611dab000020","status":"publish","type":"product","link":"https:\/\/kervanmagazacilik.com\/index.php\/urun\/611dab000020\/","title":{"rendered":"611DAB000020"},"content":{"rendered":"<p>611DAB000020<\/p>\n<p>DESIRE \u00dc\u00c7L\u00dc KOLTUK 83x210x72cm<\/p>\n","protected":false},"excerpt":{"rendered":"<p>611DAB000020 DESIRE \u00dc\u00c7L\u00dc KOLTUK 83x210x72cm<\/p>\n","protected":false},"featured_media":23234,"template":"","meta":[],"product_brand":[],"product_cat":[145],"product_tag":[5242],"class_list":{"0":"post-23233","1":"product","2":"type-product","3":"status-publish","4":"has-post-thumbnail","6":"product_cat-611dab","7":"product_tag-611dab000020","9":"first","10":"instock","11":"taxable","12":"shipping-taxable","13":"product-type-simple"},"_links":{"self":[{"href":"https:\/\/kervanmagazacilik.com\/index.php\/wp-json\/wp\/v2\/product\/23233","targetHints":{"allow":["GET"]}}],"collection":[{"href":"https:\/\/kervanmagazacilik.com\/index.php\/wp-json\/wp\/v2\/product"}],"about":[{"href":"https:\/\/kervanmagazacilik.com\/index.php\/wp-json\/wp\/v2\/types\/product"}],"wp:featuredmedia":[{"embeddable":true,"href":"https:\/\/kervanmagazacilik.com\/index.php\/wp-json\/wp\/v2\/media\/23234"}],"wp:attachment":[{"href":"https:\/\/kervanmagazacilik.com\/index.php\/wp-json\/wp\/v2\/media?parent=23233"}],"wp:term":[{"taxonomy":"product_brand","embeddable":true,"href":"https:\/\/kervanmagazacilik.com\/index.php\/wp-json\/wp\/v2\/product_brand?post=23233"},{"taxonomy":"product_cat","embeddable":true,"href":"https:\/\/kervanmagazacilik.com\/index.php\/wp-json\/wp\/v2\/product_cat?post=23233"},{"taxonomy":"product_tag","embeddable":true,"href":"https:\/\/kervanmagazacilik.com\/index.php\/wp-json\/wp\/v2\/product_tag?post=23233"}],"curies":[{"name":"wp","href":"https:\/\/api.w.org\/{rel}","templated":true}]}}