{"id":23227,"date":"2025-03-05T12:29:03","date_gmt":"2025-03-05T09:29:03","guid":{"rendered":"https:\/\/kervanmagazacilik.com\/?post_type=product&#038;p=23227"},"modified":"2025-03-05T12:29:03","modified_gmt":"2025-03-05T09:29:03","slug":"611dab000017","status":"publish","type":"product","link":"https:\/\/kervanmagazacilik.com\/index.php\/urun\/611dab000017\/","title":{"rendered":"611DAB000017"},"content":{"rendered":"<p>611DAB000017<\/p>\n<p>SNAKE \u00dc\u00c7L\u00dc KOLTUK 83x200x73cm<\/p>\n<p>&nbsp;<\/p>\n","protected":false},"excerpt":{"rendered":"<p>611DAB000017 SNAKE \u00dc\u00c7L\u00dc KOLTUK 83x200x73cm &nbsp;<\/p>\n","protected":false},"featured_media":23228,"template":"","meta":[],"product_brand":[],"product_cat":[145],"product_tag":[5239],"class_list":{"0":"post-23227","1":"product","2":"type-product","3":"status-publish","4":"has-post-thumbnail","6":"product_cat-611dab","7":"product_tag-611dab000017","9":"first","10":"instock","11":"taxable","12":"shipping-taxable","13":"product-type-simple"},"_links":{"self":[{"href":"https:\/\/kervanmagazacilik.com\/index.php\/wp-json\/wp\/v2\/product\/23227","targetHints":{"allow":["GET"]}}],"collection":[{"href":"https:\/\/kervanmagazacilik.com\/index.php\/wp-json\/wp\/v2\/product"}],"about":[{"href":"https:\/\/kervanmagazacilik.com\/index.php\/wp-json\/wp\/v2\/types\/product"}],"wp:featuredmedia":[{"embeddable":true,"href":"https:\/\/kervanmagazacilik.com\/index.php\/wp-json\/wp\/v2\/media\/23228"}],"wp:attachment":[{"href":"https:\/\/kervanmagazacilik.com\/index.php\/wp-json\/wp\/v2\/media?parent=23227"}],"wp:term":[{"taxonomy":"product_brand","embeddable":true,"href":"https:\/\/kervanmagazacilik.com\/index.php\/wp-json\/wp\/v2\/product_brand?post=23227"},{"taxonomy":"product_cat","embeddable":true,"href":"https:\/\/kervanmagazacilik.com\/index.php\/wp-json\/wp\/v2\/product_cat?post=23227"},{"taxonomy":"product_tag","embeddable":true,"href":"https:\/\/kervanmagazacilik.com\/index.php\/wp-json\/wp\/v2\/product_tag?post=23227"}],"curies":[{"name":"wp","href":"https:\/\/api.w.org\/{rel}","templated":true}]}}