{"id":23209,"date":"2025-03-05T12:08:15","date_gmt":"2025-03-05T09:08:15","guid":{"rendered":"https:\/\/kervanmagazacilik.com\/?post_type=product&#038;p=23209"},"modified":"2025-03-05T12:08:16","modified_gmt":"2025-03-05T09:08:16","slug":"611dab000008","status":"publish","type":"product","link":"https:\/\/kervanmagazacilik.com\/index.php\/urun\/611dab000008\/","title":{"rendered":"611DAB000008"},"content":{"rendered":"<p>611DAB000008<\/p>\n<p>MARRAKECH YUVARLAK ORTA SEHPA 120x120x62cm<\/p>\n<p>Tik A\u011fac\u0131<\/p>\n<p>Ah\u015fab\u0131n \u00fczerine bir s\u0131v\u0131 d\u00f6k\u00fcl\u00fcrse, ah\u015fab\u0131n y\u00fczeyini m\u00fcmk\u00fcn olan en k\u0131sa s\u00fcrede kuru bir bezle temizleyin. Daha sonras\u0131nda kalan lekelerii temizlemek i\u00e7in hafif nemli bir bez kullan\u0131n ve ard\u0131ndan kuru bir bezle tekrar kurulay\u0131n.<br \/>\n\u015earap veya sert lekeler b\u0131rakan s\u0131v\u0131lar gibi belirli s\u0131v\u0131 lekeleri i\u00e7in, bu i\u015flem leke kaybolana kadar birka\u00e7 kez kademeli olarak yap\u0131labilir. Y\u00fcksek s\u0131cakl\u0131\u011fa sahip y\u00fczeyler ile direkt temas edilmesinden ka\u00e7\u0131n\u0131n, m\u00fcmk\u00fcn olduk\u00e7a altl\u0131k kullan\u0131n.<\/p>\n","protected":false},"excerpt":{"rendered":"<p>611DAB000008 MARRAKECH YUVARLAK ORTA SEHPA 120x120x62cm Tik A\u011fac\u0131 Ah\u015fab\u0131n \u00fczerine bir s\u0131v\u0131 d\u00f6k\u00fcl\u00fcrse, ah\u015fab\u0131n y\u00fczeyini m\u00fcmk\u00fcn olan en k\u0131sa s\u00fcrede kuru bir bezle temizleyin. Daha sonras\u0131nda kalan lekelerii temizlemek i\u00e7in hafif nemli bir bez kullan\u0131n ve ard\u0131ndan kuru bir bezle tekrar kurulay\u0131n. \u015earap veya sert lekeler b\u0131rakan s\u0131v\u0131lar gibi belirli s\u0131v\u0131 lekeleri i\u00e7in, bu i\u015flem [&hellip;]<\/p>\n","protected":false},"featured_media":23212,"template":"","meta":[],"product_brand":[],"product_cat":[145],"product_tag":[5231],"class_list":{"0":"post-23209","1":"product","2":"type-product","3":"status-publish","4":"has-post-thumbnail","6":"product_cat-611dab","7":"product_tag-611dab000008","9":"first","10":"instock","11":"taxable","12":"shipping-taxable","13":"product-type-simple"},"_links":{"self":[{"href":"https:\/\/kervanmagazacilik.com\/index.php\/wp-json\/wp\/v2\/product\/23209","targetHints":{"allow":["GET"]}}],"collection":[{"href":"https:\/\/kervanmagazacilik.com\/index.php\/wp-json\/wp\/v2\/product"}],"about":[{"href":"https:\/\/kervanmagazacilik.com\/index.php\/wp-json\/wp\/v2\/types\/product"}],"wp:featuredmedia":[{"embeddable":true,"href":"https:\/\/kervanmagazacilik.com\/index.php\/wp-json\/wp\/v2\/media\/23212"}],"wp:attachment":[{"href":"https:\/\/kervanmagazacilik.com\/index.php\/wp-json\/wp\/v2\/media?parent=23209"}],"wp:term":[{"taxonomy":"product_brand","embeddable":true,"href":"https:\/\/kervanmagazacilik.com\/index.php\/wp-json\/wp\/v2\/product_brand?post=23209"},{"taxonomy":"product_cat","embeddable":true,"href":"https:\/\/kervanmagazacilik.com\/index.php\/wp-json\/wp\/v2\/product_cat?post=23209"},{"taxonomy":"product_tag","embeddable":true,"href":"https:\/\/kervanmagazacilik.com\/index.php\/wp-json\/wp\/v2\/product_tag?post=23209"}],"curies":[{"name":"wp","href":"https:\/\/api.w.org\/{rel}","templated":true}]}}