{"id":2319,"date":"2024-08-23T17:11:30","date_gmt":"2024-08-23T14:11:30","guid":{"rendered":"https:\/\/kervanmagazacilik.com\/?post_type=product&#038;p=2319"},"modified":"2024-08-23T17:11:30","modified_gmt":"2024-08-23T14:11:30","slug":"611mut000021","status":"publish","type":"product","link":"https:\/\/kervanmagazacilik.com\/index.php\/urun\/611mut000021\/","title":{"rendered":"611MUT000021"},"content":{"rendered":"<p>611MUT000021<\/p>\n<p>BELT K\u0130TAPLIK<\/p>\n<p>41x76x160cm BELT-TV MR11\/K<\/p>\n<p>MAS\u0130F KESTANE ANTRAS\u0130T YE\u015e\u0130L MAT LAKE<\/p>\n","protected":false},"excerpt":{"rendered":"<p>611MUT000021 BELT K\u0130TAPLIK 41x76x160cm BELT-TV MR11\/K MAS\u0130F KESTANE ANTRAS\u0130T YE\u015e\u0130L MAT LAKE<\/p>\n","protected":false},"featured_media":2321,"template":"","meta":[],"product_brand":[],"product_cat":[81],"product_tag":[679],"class_list":{"0":"post-2319","1":"product","2":"type-product","3":"status-publish","4":"has-post-thumbnail","6":"product_cat-611mut","7":"product_tag-611mut000021","9":"first","10":"instock","11":"taxable","12":"shipping-taxable","13":"product-type-simple"},"_links":{"self":[{"href":"https:\/\/kervanmagazacilik.com\/index.php\/wp-json\/wp\/v2\/product\/2319","targetHints":{"allow":["GET"]}}],"collection":[{"href":"https:\/\/kervanmagazacilik.com\/index.php\/wp-json\/wp\/v2\/product"}],"about":[{"href":"https:\/\/kervanmagazacilik.com\/index.php\/wp-json\/wp\/v2\/types\/product"}],"wp:featuredmedia":[{"embeddable":true,"href":"https:\/\/kervanmagazacilik.com\/index.php\/wp-json\/wp\/v2\/media\/2321"}],"wp:attachment":[{"href":"https:\/\/kervanmagazacilik.com\/index.php\/wp-json\/wp\/v2\/media?parent=2319"}],"wp:term":[{"taxonomy":"product_brand","embeddable":true,"href":"https:\/\/kervanmagazacilik.com\/index.php\/wp-json\/wp\/v2\/product_brand?post=2319"},{"taxonomy":"product_cat","embeddable":true,"href":"https:\/\/kervanmagazacilik.com\/index.php\/wp-json\/wp\/v2\/product_cat?post=2319"},{"taxonomy":"product_tag","embeddable":true,"href":"https:\/\/kervanmagazacilik.com\/index.php\/wp-json\/wp\/v2\/product_tag?post=2319"}],"curies":[{"name":"wp","href":"https:\/\/api.w.org\/{rel}","templated":true}]}}