{"id":23187,"date":"2025-02-19T12:35:44","date_gmt":"2025-02-19T09:35:44","guid":{"rendered":"https:\/\/kervanmagazacilik.com\/?post_type=product&#038;p=23187"},"modified":"2025-02-19T12:35:44","modified_gmt":"2025-02-19T09:35:44","slug":"611mns000007","status":"publish","type":"product","link":"https:\/\/kervanmagazacilik.com\/index.php\/urun\/611mns000007\/","title":{"rendered":"611MNS000007"},"content":{"rendered":"<p>611MNS000007<\/p>\n<p>HEXA ORTA SEHPA 92x106x52cm<\/p>\n<p>Outdoor i\u00e7in kullan\u0131ma uygun de\u011fildir.<\/p>\n<p>Nemli bir bez yard\u0131m\u0131yla yumu\u015fak bir \u015fekilde temizledikten sonra kuru bir bez yard\u0131m\u0131yla kurutulmal\u0131d\u0131r.<\/p>\n<p>Tik A\u011fac\u0131 &#8211; Rattan \u0130skelet<\/p>\n","protected":false},"excerpt":{"rendered":"<p>611MNS000007 HEXA ORTA SEHPA 92x106x52cm Outdoor i\u00e7in kullan\u0131ma uygun de\u011fildir. Nemli bir bez yard\u0131m\u0131yla yumu\u015fak bir \u015fekilde temizledikten sonra kuru bir bez yard\u0131m\u0131yla kurutulmal\u0131d\u0131r. Tik A\u011fac\u0131 &#8211; Rattan \u0130skelet<\/p>\n","protected":false},"featured_media":23188,"template":"","meta":[],"product_brand":[],"product_cat":[5217],"product_tag":[5224],"class_list":{"0":"post-23187","1":"product","2":"type-product","3":"status-publish","4":"has-post-thumbnail","6":"product_cat-611mns","7":"product_tag-611mns000007","9":"first","10":"instock","11":"taxable","12":"shipping-taxable","13":"product-type-simple"},"_links":{"self":[{"href":"https:\/\/kervanmagazacilik.com\/index.php\/wp-json\/wp\/v2\/product\/23187","targetHints":{"allow":["GET"]}}],"collection":[{"href":"https:\/\/kervanmagazacilik.com\/index.php\/wp-json\/wp\/v2\/product"}],"about":[{"href":"https:\/\/kervanmagazacilik.com\/index.php\/wp-json\/wp\/v2\/types\/product"}],"wp:featuredmedia":[{"embeddable":true,"href":"https:\/\/kervanmagazacilik.com\/index.php\/wp-json\/wp\/v2\/media\/23188"}],"wp:attachment":[{"href":"https:\/\/kervanmagazacilik.com\/index.php\/wp-json\/wp\/v2\/media?parent=23187"}],"wp:term":[{"taxonomy":"product_brand","embeddable":true,"href":"https:\/\/kervanmagazacilik.com\/index.php\/wp-json\/wp\/v2\/product_brand?post=23187"},{"taxonomy":"product_cat","embeddable":true,"href":"https:\/\/kervanmagazacilik.com\/index.php\/wp-json\/wp\/v2\/product_cat?post=23187"},{"taxonomy":"product_tag","embeddable":true,"href":"https:\/\/kervanmagazacilik.com\/index.php\/wp-json\/wp\/v2\/product_tag?post=23187"}],"curies":[{"name":"wp","href":"https:\/\/api.w.org\/{rel}","templated":true}]}}