{"id":23181,"date":"2025-02-19T12:24:28","date_gmt":"2025-02-19T09:24:28","guid":{"rendered":"https:\/\/kervanmagazacilik.com\/?post_type=product&#038;p=23181"},"modified":"2025-02-19T12:24:29","modified_gmt":"2025-02-19T09:24:29","slug":"611mns000004","status":"publish","type":"product","link":"https:\/\/kervanmagazacilik.com\/index.php\/urun\/611mns000004\/","title":{"rendered":"611MNS000004"},"content":{"rendered":"<p>611MNS000004<\/p>\n<p>AR\u0130A MARK\u0130Z 43x140x47cm ARIA BENCH 140<\/p>\n<p>Nemli bir bez yard\u0131m\u0131yla yumu\u015fak bir \u015fekilde temizledikten sonra kuru bir bez yard\u0131m\u0131yla kurutulmal\u0131d\u0131r.<\/p>\n<p>Maun A\u011fac\u0131 &#8211; Rattan &#8211; Kuma\u015f<\/p>\n<p>%100 Olefin<\/p>\n","protected":false},"excerpt":{"rendered":"<p>611MNS000004 AR\u0130A MARK\u0130Z 43x140x47cm ARIA BENCH 140 Nemli bir bez yard\u0131m\u0131yla yumu\u015fak bir \u015fekilde temizledikten sonra kuru bir bez yard\u0131m\u0131yla kurutulmal\u0131d\u0131r. Maun A\u011fac\u0131 &#8211; Rattan &#8211; Kuma\u015f %100 Olefin<\/p>\n","protected":false},"featured_media":23182,"template":"","meta":[],"product_brand":[],"product_cat":[5217],"product_tag":[5221],"class_list":{"0":"post-23181","1":"product","2":"type-product","3":"status-publish","4":"has-post-thumbnail","6":"product_cat-611mns","7":"product_tag-611mns000004","9":"first","10":"instock","11":"taxable","12":"shipping-taxable","13":"product-type-simple"},"_links":{"self":[{"href":"https:\/\/kervanmagazacilik.com\/index.php\/wp-json\/wp\/v2\/product\/23181","targetHints":{"allow":["GET"]}}],"collection":[{"href":"https:\/\/kervanmagazacilik.com\/index.php\/wp-json\/wp\/v2\/product"}],"about":[{"href":"https:\/\/kervanmagazacilik.com\/index.php\/wp-json\/wp\/v2\/types\/product"}],"wp:featuredmedia":[{"embeddable":true,"href":"https:\/\/kervanmagazacilik.com\/index.php\/wp-json\/wp\/v2\/media\/23182"}],"wp:attachment":[{"href":"https:\/\/kervanmagazacilik.com\/index.php\/wp-json\/wp\/v2\/media?parent=23181"}],"wp:term":[{"taxonomy":"product_brand","embeddable":true,"href":"https:\/\/kervanmagazacilik.com\/index.php\/wp-json\/wp\/v2\/product_brand?post=23181"},{"taxonomy":"product_cat","embeddable":true,"href":"https:\/\/kervanmagazacilik.com\/index.php\/wp-json\/wp\/v2\/product_cat?post=23181"},{"taxonomy":"product_tag","embeddable":true,"href":"https:\/\/kervanmagazacilik.com\/index.php\/wp-json\/wp\/v2\/product_tag?post=23181"}],"curies":[{"name":"wp","href":"https:\/\/api.w.org\/{rel}","templated":true}]}}