{"id":2307,"date":"2024-08-23T17:05:55","date_gmt":"2024-08-23T14:05:55","guid":{"rendered":"https:\/\/kervanmagazacilik.com\/?post_type=product&#038;p=2307"},"modified":"2024-08-23T17:05:55","modified_gmt":"2024-08-23T14:05:55","slug":"611mut000024","status":"publish","type":"product","link":"https:\/\/kervanmagazacilik.com\/index.php\/urun\/611mut000024\/","title":{"rendered":"611MUT000024"},"content":{"rendered":"<p>611MUT000024<\/p>\n<p>LORA TV \u00dcN\u0130TES\u0130<\/p>\n<p>45x220x45cm LORA-TV MR08\/M<\/p>\n<p>MAS\u0130F ME\u015eE S\u0130YAH MAT LAKE<\/p>\n","protected":false},"excerpt":{"rendered":"<p>611MUT000024 LORA TV \u00dcN\u0130TES\u0130 45x220x45cm LORA-TV MR08\/M MAS\u0130F ME\u015eE S\u0130YAH MAT LAKE<\/p>\n","protected":false},"featured_media":2310,"template":"","meta":[],"product_brand":[],"product_cat":[81],"product_tag":[676],"class_list":{"0":"post-2307","1":"product","2":"type-product","3":"status-publish","4":"has-post-thumbnail","6":"product_cat-611mut","7":"product_tag-611mut000024","9":"first","10":"instock","11":"taxable","12":"shipping-taxable","13":"product-type-simple"},"_links":{"self":[{"href":"https:\/\/kervanmagazacilik.com\/index.php\/wp-json\/wp\/v2\/product\/2307","targetHints":{"allow":["GET"]}}],"collection":[{"href":"https:\/\/kervanmagazacilik.com\/index.php\/wp-json\/wp\/v2\/product"}],"about":[{"href":"https:\/\/kervanmagazacilik.com\/index.php\/wp-json\/wp\/v2\/types\/product"}],"wp:featuredmedia":[{"embeddable":true,"href":"https:\/\/kervanmagazacilik.com\/index.php\/wp-json\/wp\/v2\/media\/2310"}],"wp:attachment":[{"href":"https:\/\/kervanmagazacilik.com\/index.php\/wp-json\/wp\/v2\/media?parent=2307"}],"wp:term":[{"taxonomy":"product_brand","embeddable":true,"href":"https:\/\/kervanmagazacilik.com\/index.php\/wp-json\/wp\/v2\/product_brand?post=2307"},{"taxonomy":"product_cat","embeddable":true,"href":"https:\/\/kervanmagazacilik.com\/index.php\/wp-json\/wp\/v2\/product_cat?post=2307"},{"taxonomy":"product_tag","embeddable":true,"href":"https:\/\/kervanmagazacilik.com\/index.php\/wp-json\/wp\/v2\/product_tag?post=2307"}],"curies":[{"name":"wp","href":"https:\/\/api.w.org\/{rel}","templated":true}]}}