{"id":2303,"date":"2024-08-23T16:58:13","date_gmt":"2024-08-23T13:58:13","guid":{"rendered":"https:\/\/kervanmagazacilik.com\/?post_type=product&#038;p=2303"},"modified":"2024-08-23T16:58:13","modified_gmt":"2024-08-23T13:58:13","slug":"611mut000025","status":"publish","type":"product","link":"https:\/\/kervanmagazacilik.com\/index.php\/urun\/611mut000025\/","title":{"rendered":"611MUT000025"},"content":{"rendered":"<p>611MUT000025<\/p>\n<p>LORA K\u0130TAPLIK<\/p>\n<p>50x80x220cm LORA-TV MR08\/M<\/p>\n<p>MAS\u0130F ME\u015eE S\u0130YAH MAT LAKE<\/p>\n","protected":false},"excerpt":{"rendered":"<p>611MUT000025 LORA K\u0130TAPLIK 50x80x220cm LORA-TV MR08\/M MAS\u0130F ME\u015eE S\u0130YAH MAT LAKE<\/p>\n","protected":false},"featured_media":2306,"template":"","meta":[],"product_brand":[],"product_cat":[81],"product_tag":[675],"class_list":{"0":"post-2303","1":"product","2":"type-product","3":"status-publish","4":"has-post-thumbnail","6":"product_cat-611mut","7":"product_tag-611mut000025","9":"first","10":"instock","11":"taxable","12":"shipping-taxable","13":"product-type-simple"},"_links":{"self":[{"href":"https:\/\/kervanmagazacilik.com\/index.php\/wp-json\/wp\/v2\/product\/2303","targetHints":{"allow":["GET"]}}],"collection":[{"href":"https:\/\/kervanmagazacilik.com\/index.php\/wp-json\/wp\/v2\/product"}],"about":[{"href":"https:\/\/kervanmagazacilik.com\/index.php\/wp-json\/wp\/v2\/types\/product"}],"wp:featuredmedia":[{"embeddable":true,"href":"https:\/\/kervanmagazacilik.com\/index.php\/wp-json\/wp\/v2\/media\/2306"}],"wp:attachment":[{"href":"https:\/\/kervanmagazacilik.com\/index.php\/wp-json\/wp\/v2\/media?parent=2303"}],"wp:term":[{"taxonomy":"product_brand","embeddable":true,"href":"https:\/\/kervanmagazacilik.com\/index.php\/wp-json\/wp\/v2\/product_brand?post=2303"},{"taxonomy":"product_cat","embeddable":true,"href":"https:\/\/kervanmagazacilik.com\/index.php\/wp-json\/wp\/v2\/product_cat?post=2303"},{"taxonomy":"product_tag","embeddable":true,"href":"https:\/\/kervanmagazacilik.com\/index.php\/wp-json\/wp\/v2\/product_tag?post=2303"}],"curies":[{"name":"wp","href":"https:\/\/api.w.org\/{rel}","templated":true}]}}