{"id":22982,"date":"2025-02-12T11:21:40","date_gmt":"2025-02-12T08:21:40","guid":{"rendered":"https:\/\/kervanmagazacilik.com\/?post_type=product&#038;p=22982"},"modified":"2025-02-12T11:21:41","modified_gmt":"2025-02-12T08:21:41","slug":"611artf00494","status":"publish","type":"product","link":"https:\/\/kervanmagazacilik.com\/index.php\/urun\/611artf00494\/","title":{"rendered":"611ARTF00494"},"content":{"rendered":"<p>611ARTF00494<\/p>\n<p>WH\u0130STLER TEKL\u0130 KOLTUK V\u0130ZON 160x122x71cm 791503-5000<\/p>\n","protected":false},"excerpt":{"rendered":"<p>611ARTF00494<\/p>\n","protected":false},"featured_media":22983,"template":"","meta":[],"product_brand":[],"product_cat":[41],"product_tag":[],"class_list":{"0":"post-22982","1":"product","2":"type-product","3":"status-publish","4":"has-post-thumbnail","6":"product_cat-611artf","8":"first","9":"instock","10":"taxable","11":"shipping-taxable","12":"product-type-simple"},"_links":{"self":[{"href":"https:\/\/kervanmagazacilik.com\/index.php\/wp-json\/wp\/v2\/product\/22982","targetHints":{"allow":["GET"]}}],"collection":[{"href":"https:\/\/kervanmagazacilik.com\/index.php\/wp-json\/wp\/v2\/product"}],"about":[{"href":"https:\/\/kervanmagazacilik.com\/index.php\/wp-json\/wp\/v2\/types\/product"}],"wp:featuredmedia":[{"embeddable":true,"href":"https:\/\/kervanmagazacilik.com\/index.php\/wp-json\/wp\/v2\/media\/22983"}],"wp:attachment":[{"href":"https:\/\/kervanmagazacilik.com\/index.php\/wp-json\/wp\/v2\/media?parent=22982"}],"wp:term":[{"taxonomy":"product_brand","embeddable":true,"href":"https:\/\/kervanmagazacilik.com\/index.php\/wp-json\/wp\/v2\/product_brand?post=22982"},{"taxonomy":"product_cat","embeddable":true,"href":"https:\/\/kervanmagazacilik.com\/index.php\/wp-json\/wp\/v2\/product_cat?post=22982"},{"taxonomy":"product_tag","embeddable":true,"href":"https:\/\/kervanmagazacilik.com\/index.php\/wp-json\/wp\/v2\/product_tag?post=22982"}],"curies":[{"name":"wp","href":"https:\/\/api.w.org\/{rel}","templated":true}]}}