{"id":22911,"date":"2025-02-12T11:10:54","date_gmt":"2025-02-12T08:10:54","guid":{"rendered":"https:\/\/kervanmagazacilik.com\/?post_type=product&#038;p=22911"},"modified":"2025-02-12T11:10:54","modified_gmt":"2025-02-12T08:10:54","slug":"759bac000012","status":"publish","type":"product","link":"https:\/\/kervanmagazacilik.com\/index.php\/urun\/759bac000012\/","title":{"rendered":"759BAC000012"},"content":{"rendered":"<p>759BAC000012<\/p>\n<p>BG810 70\/2 DEKORATIF KUTU S:22x12x6cm<\/p>\n<p>malzeme:mdf +deniz kabu\u011fu<br \/>\nSadece kuru bezle toz al\u0131n\u0131z.<\/p>\n","protected":false},"excerpt":{"rendered":"<p>759BAC000012 BG810 70\/2 DEKORATIF KUTU S:22x12x6cm malzeme:mdf +deniz kabu\u011fu Sadece kuru bezle toz al\u0131n\u0131z.<\/p>\n","protected":false},"featured_media":22914,"template":"","meta":[],"product_brand":[],"product_cat":[5154],"product_tag":[5166],"class_list":{"0":"post-22911","1":"product","2":"type-product","3":"status-publish","4":"has-post-thumbnail","6":"product_cat-759bac","7":"product_tag-759bac000012","9":"first","10":"instock","11":"taxable","12":"shipping-taxable","13":"product-type-simple"},"_links":{"self":[{"href":"https:\/\/kervanmagazacilik.com\/index.php\/wp-json\/wp\/v2\/product\/22911","targetHints":{"allow":["GET"]}}],"collection":[{"href":"https:\/\/kervanmagazacilik.com\/index.php\/wp-json\/wp\/v2\/product"}],"about":[{"href":"https:\/\/kervanmagazacilik.com\/index.php\/wp-json\/wp\/v2\/types\/product"}],"wp:featuredmedia":[{"embeddable":true,"href":"https:\/\/kervanmagazacilik.com\/index.php\/wp-json\/wp\/v2\/media\/22914"}],"wp:attachment":[{"href":"https:\/\/kervanmagazacilik.com\/index.php\/wp-json\/wp\/v2\/media?parent=22911"}],"wp:term":[{"taxonomy":"product_brand","embeddable":true,"href":"https:\/\/kervanmagazacilik.com\/index.php\/wp-json\/wp\/v2\/product_brand?post=22911"},{"taxonomy":"product_cat","embeddable":true,"href":"https:\/\/kervanmagazacilik.com\/index.php\/wp-json\/wp\/v2\/product_cat?post=22911"},{"taxonomy":"product_tag","embeddable":true,"href":"https:\/\/kervanmagazacilik.com\/index.php\/wp-json\/wp\/v2\/product_tag?post=22911"}],"curies":[{"name":"wp","href":"https:\/\/api.w.org\/{rel}","templated":true}]}}