{"id":22830,"date":"2025-02-12T09:53:04","date_gmt":"2025-02-12T06:53:04","guid":{"rendered":"https:\/\/kervanmagazacilik.com\/?post_type=product&#038;p=22830"},"modified":"2025-04-18T09:09:44","modified_gmt":"2025-04-18T06:09:44","slug":"759bac000006","status":"publish","type":"product","link":"https:\/\/kervanmagazacilik.com\/index.php\/urun\/759bac000006\/","title":{"rendered":"759BAC000006"},"content":{"rendered":"<p>759BAC000006<\/p>\n<p>TO244 36 KAPAKLI PAMUKLUK 9x10cm<\/p>\n<p>malzeme: mdf+ deniz kabu\u011fu<br \/>\nkuru bezle toz al\u0131n\u0131z.<\/p>\n","protected":false},"excerpt":{"rendered":"<p>759BAC000006 TO244 36 KAPAKLI PAMUKLUK 9x10cm malzeme: mdf+ deniz kabu\u011fu kuru bezle toz al\u0131n\u0131z.<\/p>\n","protected":false},"featured_media":22833,"template":"","meta":[],"product_brand":[],"product_cat":[5154],"product_tag":[5160],"class_list":{"0":"post-22830","1":"product","2":"type-product","3":"status-publish","4":"has-post-thumbnail","6":"product_cat-759bac","7":"product_tag-759bac000006","9":"first","10":"instock","11":"taxable","12":"shipping-taxable","13":"product-type-simple"},"_links":{"self":[{"href":"https:\/\/kervanmagazacilik.com\/index.php\/wp-json\/wp\/v2\/product\/22830","targetHints":{"allow":["GET"]}}],"collection":[{"href":"https:\/\/kervanmagazacilik.com\/index.php\/wp-json\/wp\/v2\/product"}],"about":[{"href":"https:\/\/kervanmagazacilik.com\/index.php\/wp-json\/wp\/v2\/types\/product"}],"wp:featuredmedia":[{"embeddable":true,"href":"https:\/\/kervanmagazacilik.com\/index.php\/wp-json\/wp\/v2\/media\/22833"}],"wp:attachment":[{"href":"https:\/\/kervanmagazacilik.com\/index.php\/wp-json\/wp\/v2\/media?parent=22830"}],"wp:term":[{"taxonomy":"product_brand","embeddable":true,"href":"https:\/\/kervanmagazacilik.com\/index.php\/wp-json\/wp\/v2\/product_brand?post=22830"},{"taxonomy":"product_cat","embeddable":true,"href":"https:\/\/kervanmagazacilik.com\/index.php\/wp-json\/wp\/v2\/product_cat?post=22830"},{"taxonomy":"product_tag","embeddable":true,"href":"https:\/\/kervanmagazacilik.com\/index.php\/wp-json\/wp\/v2\/product_tag?post=22830"}],"curies":[{"name":"wp","href":"https:\/\/api.w.org\/{rel}","templated":true}]}}