{"id":2283,"date":"2024-08-23T16:41:15","date_gmt":"2024-08-23T13:41:15","guid":{"rendered":"https:\/\/kervanmagazacilik.com\/?post_type=product&#038;p=2283"},"modified":"2024-08-23T16:41:16","modified_gmt":"2024-08-23T13:41:16","slug":"611mut000029","status":"publish","type":"product","link":"https:\/\/kervanmagazacilik.com\/index.php\/urun\/611mut000029\/","title":{"rendered":"611MUT000029"},"content":{"rendered":"<p>611MUT000029<\/p>\n<p>LORA KONSOL<\/p>\n<p>50x220x85cm LORA-CL MK07\/M<\/p>\n<p>MAS\u0130F ME\u015eE S\u0130YAH MAT LAKE<\/p>\n","protected":false},"excerpt":{"rendered":"<p>611MUT000029 LORA KONSOL 50x220x85cm LORA-CL MK07\/M MAS\u0130F ME\u015eE S\u0130YAH MAT LAKE<\/p>\n","protected":false},"featured_media":2288,"template":"","meta":[],"product_brand":[],"product_cat":[81],"product_tag":[671],"class_list":{"0":"post-2283","1":"product","2":"type-product","3":"status-publish","4":"has-post-thumbnail","6":"product_cat-611mut","7":"product_tag-611mut000029","9":"first","10":"instock","11":"taxable","12":"shipping-taxable","13":"product-type-simple"},"_links":{"self":[{"href":"https:\/\/kervanmagazacilik.com\/index.php\/wp-json\/wp\/v2\/product\/2283","targetHints":{"allow":["GET"]}}],"collection":[{"href":"https:\/\/kervanmagazacilik.com\/index.php\/wp-json\/wp\/v2\/product"}],"about":[{"href":"https:\/\/kervanmagazacilik.com\/index.php\/wp-json\/wp\/v2\/types\/product"}],"wp:featuredmedia":[{"embeddable":true,"href":"https:\/\/kervanmagazacilik.com\/index.php\/wp-json\/wp\/v2\/media\/2288"}],"wp:attachment":[{"href":"https:\/\/kervanmagazacilik.com\/index.php\/wp-json\/wp\/v2\/media?parent=2283"}],"wp:term":[{"taxonomy":"product_brand","embeddable":true,"href":"https:\/\/kervanmagazacilik.com\/index.php\/wp-json\/wp\/v2\/product_brand?post=2283"},{"taxonomy":"product_cat","embeddable":true,"href":"https:\/\/kervanmagazacilik.com\/index.php\/wp-json\/wp\/v2\/product_cat?post=2283"},{"taxonomy":"product_tag","embeddable":true,"href":"https:\/\/kervanmagazacilik.com\/index.php\/wp-json\/wp\/v2\/product_tag?post=2283"}],"curies":[{"name":"wp","href":"https:\/\/api.w.org\/{rel}","templated":true}]}}