{"id":22822,"date":"2025-02-12T09:22:04","date_gmt":"2025-02-12T06:22:04","guid":{"rendered":"https:\/\/kervanmagazacilik.com\/?post_type=product&#038;p=22822"},"modified":"2025-02-12T09:22:04","modified_gmt":"2025-02-12T06:22:04","slug":"759bac000003","status":"publish","type":"product","link":"https:\/\/kervanmagazacilik.com\/index.php\/urun\/759bac000003\/","title":{"rendered":"759BAC000003"},"content":{"rendered":"<p>759BAC000003<\/p>\n<p>TO244 8 VAZO 31x12x39cm<\/p>\n<p>malzeme:deniz kabu\u011fu<br \/>\nkuru bezle toz al\u0131n\u0131z.<\/p>\n","protected":false},"excerpt":{"rendered":"<p>759BAC000003 TO244 8 VAZO 31x12x39cm malzeme:deniz kabu\u011fu kuru bezle toz al\u0131n\u0131z.<\/p>\n","protected":false},"featured_media":22825,"template":"","meta":[],"product_brand":[],"product_cat":[5154],"product_tag":[5157],"class_list":{"0":"post-22822","1":"product","2":"type-product","3":"status-publish","4":"has-post-thumbnail","6":"product_cat-759bac","7":"product_tag-759bac000003","9":"first","10":"instock","11":"taxable","12":"shipping-taxable","13":"product-type-simple"},"_links":{"self":[{"href":"https:\/\/kervanmagazacilik.com\/index.php\/wp-json\/wp\/v2\/product\/22822","targetHints":{"allow":["GET"]}}],"collection":[{"href":"https:\/\/kervanmagazacilik.com\/index.php\/wp-json\/wp\/v2\/product"}],"about":[{"href":"https:\/\/kervanmagazacilik.com\/index.php\/wp-json\/wp\/v2\/types\/product"}],"wp:featuredmedia":[{"embeddable":true,"href":"https:\/\/kervanmagazacilik.com\/index.php\/wp-json\/wp\/v2\/media\/22825"}],"wp:attachment":[{"href":"https:\/\/kervanmagazacilik.com\/index.php\/wp-json\/wp\/v2\/media?parent=22822"}],"wp:term":[{"taxonomy":"product_brand","embeddable":true,"href":"https:\/\/kervanmagazacilik.com\/index.php\/wp-json\/wp\/v2\/product_brand?post=22822"},{"taxonomy":"product_cat","embeddable":true,"href":"https:\/\/kervanmagazacilik.com\/index.php\/wp-json\/wp\/v2\/product_cat?post=22822"},{"taxonomy":"product_tag","embeddable":true,"href":"https:\/\/kervanmagazacilik.com\/index.php\/wp-json\/wp\/v2\/product_tag?post=22822"}],"curies":[{"name":"wp","href":"https:\/\/api.w.org\/{rel}","templated":true}]}}