{"id":22817,"date":"2025-02-12T09:17:17","date_gmt":"2025-02-12T06:17:17","guid":{"rendered":"https:\/\/kervanmagazacilik.com\/?post_type=product&#038;p=22817"},"modified":"2025-03-14T15:03:29","modified_gmt":"2025-03-14T12:03:29","slug":"759bac000001","status":"publish","type":"product","link":"https:\/\/kervanmagazacilik.com\/index.php\/urun\/759bac000001\/","title":{"rendered":"759BAC000001"},"content":{"rendered":"<p>759BAC000001<\/p>\n<p>&nbsp;<\/p>\n<p>TO244 6 VAZO 23x15x60cm<\/p>\n<p>malzeme:deniz kabu\u011fu<br \/>\nkuru bezle toz al\u0131n\u0131z.<\/p>\n","protected":false},"excerpt":{"rendered":"<p>759BAC000001 &nbsp; TO244 6 VAZO 23x15x60cm malzeme:deniz kabu\u011fu kuru bezle toz al\u0131n\u0131z.<\/p>\n","protected":false},"featured_media":23542,"template":"","meta":[],"product_brand":[],"product_cat":[5154],"product_tag":[5155],"class_list":{"0":"post-22817","1":"product","2":"type-product","3":"status-publish","4":"has-post-thumbnail","6":"product_cat-759bac","7":"product_tag-759bac000001","9":"first","10":"instock","11":"taxable","12":"shipping-taxable","13":"product-type-simple"},"_links":{"self":[{"href":"https:\/\/kervanmagazacilik.com\/index.php\/wp-json\/wp\/v2\/product\/22817","targetHints":{"allow":["GET"]}}],"collection":[{"href":"https:\/\/kervanmagazacilik.com\/index.php\/wp-json\/wp\/v2\/product"}],"about":[{"href":"https:\/\/kervanmagazacilik.com\/index.php\/wp-json\/wp\/v2\/types\/product"}],"wp:featuredmedia":[{"embeddable":true,"href":"https:\/\/kervanmagazacilik.com\/index.php\/wp-json\/wp\/v2\/media\/23542"}],"wp:attachment":[{"href":"https:\/\/kervanmagazacilik.com\/index.php\/wp-json\/wp\/v2\/media?parent=22817"}],"wp:term":[{"taxonomy":"product_brand","embeddable":true,"href":"https:\/\/kervanmagazacilik.com\/index.php\/wp-json\/wp\/v2\/product_brand?post=22817"},{"taxonomy":"product_cat","embeddable":true,"href":"https:\/\/kervanmagazacilik.com\/index.php\/wp-json\/wp\/v2\/product_cat?post=22817"},{"taxonomy":"product_tag","embeddable":true,"href":"https:\/\/kervanmagazacilik.com\/index.php\/wp-json\/wp\/v2\/product_tag?post=22817"}],"curies":[{"name":"wp","href":"https:\/\/api.w.org\/{rel}","templated":true}]}}