{"id":22804,"date":"2025-01-31T10:44:33","date_gmt":"2025-01-31T07:44:33","guid":{"rendered":"https:\/\/kervanmagazacilik.com\/?post_type=product&#038;p=22804"},"modified":"2025-02-06T09:28:20","modified_gmt":"2025-02-06T06:28:20","slug":"611r60002341","status":"publish","type":"product","link":"https:\/\/kervanmagazacilik.com\/index.php\/urun\/611r60002341\/","title":{"rendered":"611R60002341"},"content":{"rendered":"<p><strong>611R60002341<\/strong><\/p>\n<p>PEACOCK YATAK BEYAZ 224x216x140cm MH-TK-200<\/p>\n<p>Mango A\u011fac\u0131Yumu\u015fak ve kuru bir bez yard\u0131m\u0131yla temizleyiniz.<\/p>\n","protected":false},"excerpt":{"rendered":"<p>611R60002341 PEACOCK YATAK BEYAZ 224x216x140cm MH-TK-200 Mango A\u011fac\u0131Yumu\u015fak ve kuru bir bez yard\u0131m\u0131yla temizleyiniz.<\/p>\n","protected":false},"featured_media":22805,"template":"","meta":[],"product_brand":[],"product_cat":[5147],"product_tag":[],"class_list":{"0":"post-22804","1":"product","2":"type-product","3":"status-publish","4":"has-post-thumbnail","6":"product_cat-611r6","8":"first","9":"instock","10":"taxable","11":"shipping-taxable","12":"product-type-simple"},"_links":{"self":[{"href":"https:\/\/kervanmagazacilik.com\/index.php\/wp-json\/wp\/v2\/product\/22804","targetHints":{"allow":["GET"]}}],"collection":[{"href":"https:\/\/kervanmagazacilik.com\/index.php\/wp-json\/wp\/v2\/product"}],"about":[{"href":"https:\/\/kervanmagazacilik.com\/index.php\/wp-json\/wp\/v2\/types\/product"}],"wp:featuredmedia":[{"embeddable":true,"href":"https:\/\/kervanmagazacilik.com\/index.php\/wp-json\/wp\/v2\/media\/22805"}],"wp:attachment":[{"href":"https:\/\/kervanmagazacilik.com\/index.php\/wp-json\/wp\/v2\/media?parent=22804"}],"wp:term":[{"taxonomy":"product_brand","embeddable":true,"href":"https:\/\/kervanmagazacilik.com\/index.php\/wp-json\/wp\/v2\/product_brand?post=22804"},{"taxonomy":"product_cat","embeddable":true,"href":"https:\/\/kervanmagazacilik.com\/index.php\/wp-json\/wp\/v2\/product_cat?post=22804"},{"taxonomy":"product_tag","embeddable":true,"href":"https:\/\/kervanmagazacilik.com\/index.php\/wp-json\/wp\/v2\/product_tag?post=22804"}],"curies":[{"name":"wp","href":"https:\/\/api.w.org\/{rel}","templated":true}]}}