{"id":22760,"date":"2025-01-31T09:36:05","date_gmt":"2025-01-31T06:36:05","guid":{"rendered":"https:\/\/kervanmagazacilik.com\/?post_type=product&#038;p=22760"},"modified":"2025-02-06T09:41:48","modified_gmt":"2025-02-06T06:41:48","slug":"611r60002334","status":"publish","type":"product","link":"https:\/\/kervanmagazacilik.com\/index.php\/urun\/611r60002334\/","title":{"rendered":"611R60002334"},"content":{"rendered":"<p><strong>611R60002334<\/strong><\/p>\n<p>PEACOCK KOMOD\u0130N BEYAZ 41x51x61cm MH-TK-193<\/p>\n<p>Mango A\u011fac\u0131Yumu\u015fak ve kuru bir bez yard\u0131m\u0131yla temizleyiniz.<\/p>\n<p>&nbsp;<\/p>\n","protected":false},"excerpt":{"rendered":"<p>611R60002334 PEACOCK KOMOD\u0130N BEYAZ 41x51x61cm MH-TK-193 Mango A\u011fac\u0131Yumu\u015fak ve kuru bir bez yard\u0131m\u0131yla temizleyiniz. &nbsp;<\/p>\n","protected":false},"featured_media":22762,"template":"","meta":[],"product_brand":[],"product_cat":[5147],"product_tag":[],"class_list":{"0":"post-22760","1":"product","2":"type-product","3":"status-publish","4":"has-post-thumbnail","6":"product_cat-611r6","8":"first","9":"instock","10":"taxable","11":"shipping-taxable","12":"product-type-simple"},"_links":{"self":[{"href":"https:\/\/kervanmagazacilik.com\/index.php\/wp-json\/wp\/v2\/product\/22760","targetHints":{"allow":["GET"]}}],"collection":[{"href":"https:\/\/kervanmagazacilik.com\/index.php\/wp-json\/wp\/v2\/product"}],"about":[{"href":"https:\/\/kervanmagazacilik.com\/index.php\/wp-json\/wp\/v2\/types\/product"}],"wp:featuredmedia":[{"embeddable":true,"href":"https:\/\/kervanmagazacilik.com\/index.php\/wp-json\/wp\/v2\/media\/22762"}],"wp:attachment":[{"href":"https:\/\/kervanmagazacilik.com\/index.php\/wp-json\/wp\/v2\/media?parent=22760"}],"wp:term":[{"taxonomy":"product_brand","embeddable":true,"href":"https:\/\/kervanmagazacilik.com\/index.php\/wp-json\/wp\/v2\/product_brand?post=22760"},{"taxonomy":"product_cat","embeddable":true,"href":"https:\/\/kervanmagazacilik.com\/index.php\/wp-json\/wp\/v2\/product_cat?post=22760"},{"taxonomy":"product_tag","embeddable":true,"href":"https:\/\/kervanmagazacilik.com\/index.php\/wp-json\/wp\/v2\/product_tag?post=22760"}],"curies":[{"name":"wp","href":"https:\/\/api.w.org\/{rel}","templated":true}]}}