{"id":22755,"date":"2025-01-29T15:23:46","date_gmt":"2025-01-29T12:23:46","guid":{"rendered":"https:\/\/kervanmagazacilik.com\/?post_type=product&#038;p=22755"},"modified":"2025-01-29T15:23:46","modified_gmt":"2025-01-29T12:23:46","slug":"611wd0000042","status":"publish","type":"product","link":"https:\/\/kervanmagazacilik.com\/index.php\/urun\/611wd0000042\/","title":{"rendered":"611WD0000042"},"content":{"rendered":"<p>611WD0000042<\/p>\n<p>\u00dc\u00c7L\u00dc SEHPA 50x50x60\/40x40x50\/30x30x40cm TWC-118<\/p>\n","protected":false},"excerpt":{"rendered":"<p>611WD0000042 \u00dc\u00c7L\u00dc SEHPA 50x50x60\/40x40x50\/30x30x40cm TWC-118<\/p>\n","protected":false},"featured_media":22756,"template":"","meta":[],"product_brand":[],"product_cat":[112],"product_tag":[5146],"class_list":{"0":"post-22755","1":"product","2":"type-product","3":"status-publish","4":"has-post-thumbnail","6":"product_cat-611wd","7":"product_tag-611wd0000042","9":"first","10":"instock","11":"taxable","12":"shipping-taxable","13":"product-type-simple"},"_links":{"self":[{"href":"https:\/\/kervanmagazacilik.com\/index.php\/wp-json\/wp\/v2\/product\/22755","targetHints":{"allow":["GET"]}}],"collection":[{"href":"https:\/\/kervanmagazacilik.com\/index.php\/wp-json\/wp\/v2\/product"}],"about":[{"href":"https:\/\/kervanmagazacilik.com\/index.php\/wp-json\/wp\/v2\/types\/product"}],"wp:featuredmedia":[{"embeddable":true,"href":"https:\/\/kervanmagazacilik.com\/index.php\/wp-json\/wp\/v2\/media\/22756"}],"wp:attachment":[{"href":"https:\/\/kervanmagazacilik.com\/index.php\/wp-json\/wp\/v2\/media?parent=22755"}],"wp:term":[{"taxonomy":"product_brand","embeddable":true,"href":"https:\/\/kervanmagazacilik.com\/index.php\/wp-json\/wp\/v2\/product_brand?post=22755"},{"taxonomy":"product_cat","embeddable":true,"href":"https:\/\/kervanmagazacilik.com\/index.php\/wp-json\/wp\/v2\/product_cat?post=22755"},{"taxonomy":"product_tag","embeddable":true,"href":"https:\/\/kervanmagazacilik.com\/index.php\/wp-json\/wp\/v2\/product_tag?post=22755"}],"curies":[{"name":"wp","href":"https:\/\/api.w.org\/{rel}","templated":true}]}}