{"id":22751,"date":"2025-01-29T15:17:23","date_gmt":"2025-01-29T12:17:23","guid":{"rendered":"https:\/\/kervanmagazacilik.com\/?post_type=product&#038;p=22751"},"modified":"2025-01-29T15:21:31","modified_gmt":"2025-01-29T12:21:31","slug":"611wd0000041","status":"publish","type":"product","link":"https:\/\/kervanmagazacilik.com\/index.php\/urun\/611wd0000041\/","title":{"rendered":"611WD0000041"},"content":{"rendered":"<p>611WD0000041<\/p>\n<p>\u0130K\u0130L\u0130 SEHPA 40x30x60\/40x30x50cm TWC-113<\/p>\n","protected":false},"excerpt":{"rendered":"<p>611WD0000041 \u0130K\u0130L\u0130 SEHPA 40x30x60\/40x30x50cm TWC-113<\/p>\n","protected":false},"featured_media":22752,"template":"","meta":[],"product_brand":[],"product_cat":[112],"product_tag":[5145],"class_list":{"0":"post-22751","1":"product","2":"type-product","3":"status-publish","4":"has-post-thumbnail","6":"product_cat-611wd","7":"product_tag-611wd0000041","9":"first","10":"instock","11":"taxable","12":"shipping-taxable","13":"product-type-simple"},"_links":{"self":[{"href":"https:\/\/kervanmagazacilik.com\/index.php\/wp-json\/wp\/v2\/product\/22751","targetHints":{"allow":["GET"]}}],"collection":[{"href":"https:\/\/kervanmagazacilik.com\/index.php\/wp-json\/wp\/v2\/product"}],"about":[{"href":"https:\/\/kervanmagazacilik.com\/index.php\/wp-json\/wp\/v2\/types\/product"}],"wp:featuredmedia":[{"embeddable":true,"href":"https:\/\/kervanmagazacilik.com\/index.php\/wp-json\/wp\/v2\/media\/22752"}],"wp:attachment":[{"href":"https:\/\/kervanmagazacilik.com\/index.php\/wp-json\/wp\/v2\/media?parent=22751"}],"wp:term":[{"taxonomy":"product_brand","embeddable":true,"href":"https:\/\/kervanmagazacilik.com\/index.php\/wp-json\/wp\/v2\/product_brand?post=22751"},{"taxonomy":"product_cat","embeddable":true,"href":"https:\/\/kervanmagazacilik.com\/index.php\/wp-json\/wp\/v2\/product_cat?post=22751"},{"taxonomy":"product_tag","embeddable":true,"href":"https:\/\/kervanmagazacilik.com\/index.php\/wp-json\/wp\/v2\/product_tag?post=22751"}],"curies":[{"name":"wp","href":"https:\/\/api.w.org\/{rel}","templated":true}]}}