{"id":22738,"date":"2025-01-28T12:37:14","date_gmt":"2025-01-28T09:37:14","guid":{"rendered":"https:\/\/kervanmagazacilik.com\/?post_type=product&#038;p=22738"},"modified":"2025-02-06T09:43:35","modified_gmt":"2025-02-06T06:43:35","slug":"611my0000008-2","status":"publish","type":"product","link":"https:\/\/kervanmagazacilik.com\/index.php\/urun\/611my0000008-2\/","title":{"rendered":"611MY0000008"},"content":{"rendered":"<p>611MY0000008<\/p>\n<p>TEKL\u0130 KOLTUK KREM 74x67x81cm 2601-RF<\/p>\n<p>100% Polyester<\/p>\n<p>Me\u015fe A\u011fac\u0131 , Rattan , Keten Kuma\u015f<\/p>\n<p>Sadece kuru temizleme yap\u0131lmal\u0131d\u0131r.<br \/>\nD\u00f6\u015feme haftada bir kez yumu\u015fak bir f\u0131r\u00e7a ile s\u00fcp\u00fcr\u00fclmelidir.<br \/>\nD\u00f6\u015feme yo\u011fun \u0131s\u0131 ve nemden uzak tutulmal\u0131d\u0131r.<br \/>\nSolma ve renk de\u011fi\u015fikli\u011fi meydana gelebilece\u011finden d\u00f6\u015femeyi asla do\u011frudan g\u00fcne\u015f \u0131\u015f\u0131\u011f\u0131na maruz b\u0131rakmay\u0131n\u0131z.<br \/>\nD\u00f6\u015femelerinizi y\u0131lda bir kez profesyonel olarak temizleyiniz.<\/p>\n","protected":false},"excerpt":{"rendered":"<p>611MY0000008 TEKL\u0130 KOLTUK KREM 74x67x81cm 2601-RF 100% Polyester Me\u015fe A\u011fac\u0131 , Rattan , Keten Kuma\u015f Sadece kuru temizleme yap\u0131lmal\u0131d\u0131r. D\u00f6\u015feme haftada bir kez yumu\u015fak bir f\u0131r\u00e7a ile s\u00fcp\u00fcr\u00fclmelidir. D\u00f6\u015feme yo\u011fun \u0131s\u0131 ve nemden uzak tutulmal\u0131d\u0131r. Solma ve renk de\u011fi\u015fikli\u011fi meydana gelebilece\u011finden d\u00f6\u015femeyi asla do\u011frudan g\u00fcne\u015f \u0131\u015f\u0131\u011f\u0131na maruz b\u0131rakmay\u0131n\u0131z. D\u00f6\u015femelerinizi y\u0131lda bir kez profesyonel olarak temizleyiniz.<\/p>\n","protected":false},"featured_media":22741,"template":"","meta":[],"product_brand":[],"product_cat":[127],"product_tag":[],"class_list":{"0":"post-22738","1":"product","2":"type-product","3":"status-publish","4":"has-post-thumbnail","6":"product_cat-611my","8":"first","9":"instock","10":"taxable","11":"shipping-taxable","12":"product-type-simple"},"_links":{"self":[{"href":"https:\/\/kervanmagazacilik.com\/index.php\/wp-json\/wp\/v2\/product\/22738","targetHints":{"allow":["GET"]}}],"collection":[{"href":"https:\/\/kervanmagazacilik.com\/index.php\/wp-json\/wp\/v2\/product"}],"about":[{"href":"https:\/\/kervanmagazacilik.com\/index.php\/wp-json\/wp\/v2\/types\/product"}],"wp:featuredmedia":[{"embeddable":true,"href":"https:\/\/kervanmagazacilik.com\/index.php\/wp-json\/wp\/v2\/media\/22741"}],"wp:attachment":[{"href":"https:\/\/kervanmagazacilik.com\/index.php\/wp-json\/wp\/v2\/media?parent=22738"}],"wp:term":[{"taxonomy":"product_brand","embeddable":true,"href":"https:\/\/kervanmagazacilik.com\/index.php\/wp-json\/wp\/v2\/product_brand?post=22738"},{"taxonomy":"product_cat","embeddable":true,"href":"https:\/\/kervanmagazacilik.com\/index.php\/wp-json\/wp\/v2\/product_cat?post=22738"},{"taxonomy":"product_tag","embeddable":true,"href":"https:\/\/kervanmagazacilik.com\/index.php\/wp-json\/wp\/v2\/product_tag?post=22738"}],"curies":[{"name":"wp","href":"https:\/\/api.w.org\/{rel}","templated":true}]}}