{"id":22725,"date":"2025-01-27T13:56:09","date_gmt":"2025-01-27T10:56:09","guid":{"rendered":"https:\/\/kervanmagazacilik.com\/?post_type=product&#038;p=22725"},"modified":"2025-01-27T14:00:52","modified_gmt":"2025-01-27T11:00:52","slug":"759irs000014","status":"publish","type":"product","link":"https:\/\/kervanmagazacilik.com\/index.php\/urun\/759irs000014\/","title":{"rendered":"759IRS000014"},"content":{"rendered":"<p>759IRS000014<\/p>\n<p>16408 MUMLUK GUMUS 13x13x29cm<\/p>\n<p>KURU BEZLE S\u0130L\u0130N\u0130Z , SIVI \u0130LE TEMAS ETT\u0130RMEY\u0130N\u0130Z.MALZEME C\u0130NS\u0130: AL\u00dcM\u0130NYUM<\/p>\n","protected":false},"excerpt":{"rendered":"<p>759IRS000014 16408 MUMLUK GUMUS 13x13x29cm KURU BEZLE S\u0130L\u0130N\u0130Z , SIVI \u0130LE TEMAS ETT\u0130RMEY\u0130N\u0130Z.MALZEME C\u0130NS\u0130: AL\u00dcM\u0130NYUM<\/p>\n","protected":false},"featured_media":22726,"template":"","meta":[],"product_brand":[],"product_cat":[5126],"product_tag":[5139],"class_list":{"0":"post-22725","1":"product","2":"type-product","3":"status-publish","4":"has-post-thumbnail","6":"product_cat-759irs","7":"product_tag-759irs000014","9":"first","10":"instock","11":"taxable","12":"shipping-taxable","13":"product-type-simple"},"_links":{"self":[{"href":"https:\/\/kervanmagazacilik.com\/index.php\/wp-json\/wp\/v2\/product\/22725","targetHints":{"allow":["GET"]}}],"collection":[{"href":"https:\/\/kervanmagazacilik.com\/index.php\/wp-json\/wp\/v2\/product"}],"about":[{"href":"https:\/\/kervanmagazacilik.com\/index.php\/wp-json\/wp\/v2\/types\/product"}],"wp:featuredmedia":[{"embeddable":true,"href":"https:\/\/kervanmagazacilik.com\/index.php\/wp-json\/wp\/v2\/media\/22726"}],"wp:attachment":[{"href":"https:\/\/kervanmagazacilik.com\/index.php\/wp-json\/wp\/v2\/media?parent=22725"}],"wp:term":[{"taxonomy":"product_brand","embeddable":true,"href":"https:\/\/kervanmagazacilik.com\/index.php\/wp-json\/wp\/v2\/product_brand?post=22725"},{"taxonomy":"product_cat","embeddable":true,"href":"https:\/\/kervanmagazacilik.com\/index.php\/wp-json\/wp\/v2\/product_cat?post=22725"},{"taxonomy":"product_tag","embeddable":true,"href":"https:\/\/kervanmagazacilik.com\/index.php\/wp-json\/wp\/v2\/product_tag?post=22725"}],"curies":[{"name":"wp","href":"https:\/\/api.w.org\/{rel}","templated":true}]}}