{"id":22719,"date":"2025-01-27T13:48:08","date_gmt":"2025-01-27T10:48:08","guid":{"rendered":"https:\/\/kervanmagazacilik.com\/?post_type=product&#038;p=22719"},"modified":"2025-01-27T13:48:09","modified_gmt":"2025-01-27T10:48:09","slug":"759irs000012","status":"publish","type":"product","link":"https:\/\/kervanmagazacilik.com\/index.php\/urun\/759irs000012\/","title":{"rendered":"759IRS000012"},"content":{"rendered":"<p>759IRS000012<\/p>\n<p>16361 VAZO GUMUS 23x5x25cm<\/p>\n<p>KURU BEZLE S\u0130L\u0130N\u0130Z , SIVI \u0130LE TEMAS ETT\u0130RMEY\u0130N\u0130Z.MALZEME C\u0130NS\u0130: AL\u00dcM\u0130NYUM<\/p>\n","protected":false},"excerpt":{"rendered":"<p>759IRS000012 16361 VAZO GUMUS 23x5x25cm KURU BEZLE S\u0130L\u0130N\u0130Z , SIVI \u0130LE TEMAS ETT\u0130RMEY\u0130N\u0130Z.MALZEME C\u0130NS\u0130: AL\u00dcM\u0130NYUM<\/p>\n","protected":false},"featured_media":22720,"template":"","meta":[],"product_brand":[],"product_cat":[5126],"product_tag":[5137],"class_list":{"0":"post-22719","1":"product","2":"type-product","3":"status-publish","4":"has-post-thumbnail","6":"product_cat-759irs","7":"product_tag-759irs000012","9":"first","10":"instock","11":"taxable","12":"shipping-taxable","13":"product-type-simple"},"_links":{"self":[{"href":"https:\/\/kervanmagazacilik.com\/index.php\/wp-json\/wp\/v2\/product\/22719","targetHints":{"allow":["GET"]}}],"collection":[{"href":"https:\/\/kervanmagazacilik.com\/index.php\/wp-json\/wp\/v2\/product"}],"about":[{"href":"https:\/\/kervanmagazacilik.com\/index.php\/wp-json\/wp\/v2\/types\/product"}],"wp:featuredmedia":[{"embeddable":true,"href":"https:\/\/kervanmagazacilik.com\/index.php\/wp-json\/wp\/v2\/media\/22720"}],"wp:attachment":[{"href":"https:\/\/kervanmagazacilik.com\/index.php\/wp-json\/wp\/v2\/media?parent=22719"}],"wp:term":[{"taxonomy":"product_brand","embeddable":true,"href":"https:\/\/kervanmagazacilik.com\/index.php\/wp-json\/wp\/v2\/product_brand?post=22719"},{"taxonomy":"product_cat","embeddable":true,"href":"https:\/\/kervanmagazacilik.com\/index.php\/wp-json\/wp\/v2\/product_cat?post=22719"},{"taxonomy":"product_tag","embeddable":true,"href":"https:\/\/kervanmagazacilik.com\/index.php\/wp-json\/wp\/v2\/product_tag?post=22719"}],"curies":[{"name":"wp","href":"https:\/\/api.w.org\/{rel}","templated":true}]}}