{"id":22694,"date":"2025-01-27T12:25:01","date_gmt":"2025-01-27T09:25:01","guid":{"rendered":"https:\/\/kervanmagazacilik.com\/?post_type=product&#038;p=22694"},"modified":"2025-01-27T12:25:01","modified_gmt":"2025-01-27T09:25:01","slug":"759irs000004","status":"publish","type":"product","link":"https:\/\/kervanmagazacilik.com\/index.php\/urun\/759irs000004\/","title":{"rendered":"759IRS000004"},"content":{"rendered":"<p>759IRS000004<\/p>\n<p>15893 VAZO GUMUS 16x16x30cm<\/p>\n<p>KURU BEZLE S\u0130L\u0130N\u0130Z , SIVI \u0130LE TEMAS ETT\u0130RMEY\u0130N\u0130Z.MALZEME C\u0130NS\u0130: AL\u00dcM\u0130NYUM<\/p>\n","protected":false},"excerpt":{"rendered":"<p>759IRS000004 15893 VAZO GUMUS 16x16x30cm KURU BEZLE S\u0130L\u0130N\u0130Z , SIVI \u0130LE TEMAS ETT\u0130RMEY\u0130N\u0130Z.MALZEME C\u0130NS\u0130: AL\u00dcM\u0130NYUM<\/p>\n","protected":false},"featured_media":22695,"template":"","meta":[],"product_brand":[],"product_cat":[5126],"product_tag":[5130],"class_list":{"0":"post-22694","1":"product","2":"type-product","3":"status-publish","4":"has-post-thumbnail","6":"product_cat-759irs","7":"product_tag-759irs000004","9":"first","10":"instock","11":"taxable","12":"shipping-taxable","13":"product-type-simple"},"_links":{"self":[{"href":"https:\/\/kervanmagazacilik.com\/index.php\/wp-json\/wp\/v2\/product\/22694","targetHints":{"allow":["GET"]}}],"collection":[{"href":"https:\/\/kervanmagazacilik.com\/index.php\/wp-json\/wp\/v2\/product"}],"about":[{"href":"https:\/\/kervanmagazacilik.com\/index.php\/wp-json\/wp\/v2\/types\/product"}],"wp:featuredmedia":[{"embeddable":true,"href":"https:\/\/kervanmagazacilik.com\/index.php\/wp-json\/wp\/v2\/media\/22695"}],"wp:attachment":[{"href":"https:\/\/kervanmagazacilik.com\/index.php\/wp-json\/wp\/v2\/media?parent=22694"}],"wp:term":[{"taxonomy":"product_brand","embeddable":true,"href":"https:\/\/kervanmagazacilik.com\/index.php\/wp-json\/wp\/v2\/product_brand?post=22694"},{"taxonomy":"product_cat","embeddable":true,"href":"https:\/\/kervanmagazacilik.com\/index.php\/wp-json\/wp\/v2\/product_cat?post=22694"},{"taxonomy":"product_tag","embeddable":true,"href":"https:\/\/kervanmagazacilik.com\/index.php\/wp-json\/wp\/v2\/product_tag?post=22694"}],"curies":[{"name":"wp","href":"https:\/\/api.w.org\/{rel}","templated":true}]}}