{"id":22670,"date":"2025-01-27T11:20:00","date_gmt":"2025-01-27T08:20:00","guid":{"rendered":"https:\/\/kervanmagazacilik.com\/?post_type=product&#038;p=22670"},"modified":"2025-01-27T11:20:01","modified_gmt":"2025-01-27T08:20:01","slug":"241hsh001656","status":"publish","type":"product","link":"https:\/\/kervanmagazacilik.com\/index.php\/urun\/241hsh001656\/","title":{"rendered":"241HSH001656"},"content":{"rendered":"<p>241HSH001656<\/p>\n<p>KRA\u015e \u015eAL SET 115X240 6 PRC LACIVERT-BORDO<\/p>\n<p>Kuma\u015f: %100 Polyester<br \/>\nB Kuma\u015f: %100 Polyester<br \/>\nSadece kuru temizleme yap\u0131lmal\u0131d\u0131r<\/p>\n<p>\u015eAL: 115X240 CM<br \/>\nYASTIK: 35X55 CM (2 ADET)<br \/>\nYASTIK: 60X60 CM (3 ADET)<\/p>\n","protected":false},"excerpt":{"rendered":"<p>241HSH001656 KRA\u015e \u015eAL SET 115X240 6 PRC LACIVERT-BORDO Kuma\u015f: %100 Polyester B Kuma\u015f: %100 Polyester Sadece kuru temizleme yap\u0131lmal\u0131d\u0131r \u015eAL: 115X240 CM YASTIK: 35X55 CM (2 ADET) YASTIK: 60X60 CM (3 ADET)<\/p>\n","protected":false},"featured_media":22672,"template":"","meta":[],"product_brand":[],"product_cat":[2922],"product_tag":[5123],"class_list":{"0":"post-22670","1":"product","2":"type-product","3":"status-publish","4":"has-post-thumbnail","6":"product_cat-241hsh","7":"product_tag-241hsh001656","9":"first","10":"instock","11":"taxable","12":"shipping-taxable","13":"product-type-simple"},"_links":{"self":[{"href":"https:\/\/kervanmagazacilik.com\/index.php\/wp-json\/wp\/v2\/product\/22670","targetHints":{"allow":["GET"]}}],"collection":[{"href":"https:\/\/kervanmagazacilik.com\/index.php\/wp-json\/wp\/v2\/product"}],"about":[{"href":"https:\/\/kervanmagazacilik.com\/index.php\/wp-json\/wp\/v2\/types\/product"}],"wp:featuredmedia":[{"embeddable":true,"href":"https:\/\/kervanmagazacilik.com\/index.php\/wp-json\/wp\/v2\/media\/22672"}],"wp:attachment":[{"href":"https:\/\/kervanmagazacilik.com\/index.php\/wp-json\/wp\/v2\/media?parent=22670"}],"wp:term":[{"taxonomy":"product_brand","embeddable":true,"href":"https:\/\/kervanmagazacilik.com\/index.php\/wp-json\/wp\/v2\/product_brand?post=22670"},{"taxonomy":"product_cat","embeddable":true,"href":"https:\/\/kervanmagazacilik.com\/index.php\/wp-json\/wp\/v2\/product_cat?post=22670"},{"taxonomy":"product_tag","embeddable":true,"href":"https:\/\/kervanmagazacilik.com\/index.php\/wp-json\/wp\/v2\/product_tag?post=22670"}],"curies":[{"name":"wp","href":"https:\/\/api.w.org\/{rel}","templated":true}]}}