{"id":22663,"date":"2025-01-27T10:30:27","date_gmt":"2025-01-27T07:30:27","guid":{"rendered":"https:\/\/kervanmagazacilik.com\/?post_type=product&#038;p=22663"},"modified":"2025-01-27T10:30:28","modified_gmt":"2025-01-27T07:30:28","slug":"241063027848","status":"publish","type":"product","link":"https:\/\/kervanmagazacilik.com\/index.php\/urun\/241063027848\/","title":{"rendered":"241063027848"},"content":{"rendered":"<p>241063027848<\/p>\n<p>KARAN SAL SET 95&#215;250 CM 7 PRC GR\u0130-BORDO<\/p>\n<p>A Kuma\u015f: %100Polyester<br \/>\nB Kuma\u015f: %100 Polyester<br \/>\nC Kuma\u015f: %100 \u0130pek<br \/>\nSadece kuru temizleme yap\u0131lmal\u0131d\u0131r<\/p>\n<p>ALT GRUP: YATAK ODASI TEKST\u0130L\u0130<\/p>\n<p>\u015eAL: 95&#215;250 CM<br \/>\nYASTIK:35X70(2 ADET)<br \/>\nYASTIK: 55&#215;55(3 ADET)<\/p>\n","protected":false},"excerpt":{"rendered":"<p>241063027848 KARAN SAL SET 95&#215;250 CM 7 PRC GR\u0130-BORDO A Kuma\u015f: %100Polyester B Kuma\u015f: %100 Polyester C Kuma\u015f: %100 \u0130pek Sadece kuru temizleme yap\u0131lmal\u0131d\u0131r ALT GRUP: YATAK ODASI TEKST\u0130L\u0130 \u015eAL: 95&#215;250 CM YASTIK:35X70(2 ADET) YASTIK: 55&#215;55(3 ADET)<\/p>\n","protected":false},"featured_media":22664,"template":"","meta":[],"product_brand":[],"product_cat":[3250],"product_tag":[5122],"class_list":{"0":"post-22663","1":"product","2":"type-product","3":"status-publish","4":"has-post-thumbnail","6":"product_cat-3250","7":"product_tag-5122","9":"first","10":"instock","11":"taxable","12":"shipping-taxable","13":"product-type-simple"},"_links":{"self":[{"href":"https:\/\/kervanmagazacilik.com\/index.php\/wp-json\/wp\/v2\/product\/22663","targetHints":{"allow":["GET"]}}],"collection":[{"href":"https:\/\/kervanmagazacilik.com\/index.php\/wp-json\/wp\/v2\/product"}],"about":[{"href":"https:\/\/kervanmagazacilik.com\/index.php\/wp-json\/wp\/v2\/types\/product"}],"wp:featuredmedia":[{"embeddable":true,"href":"https:\/\/kervanmagazacilik.com\/index.php\/wp-json\/wp\/v2\/media\/22664"}],"wp:attachment":[{"href":"https:\/\/kervanmagazacilik.com\/index.php\/wp-json\/wp\/v2\/media?parent=22663"}],"wp:term":[{"taxonomy":"product_brand","embeddable":true,"href":"https:\/\/kervanmagazacilik.com\/index.php\/wp-json\/wp\/v2\/product_brand?post=22663"},{"taxonomy":"product_cat","embeddable":true,"href":"https:\/\/kervanmagazacilik.com\/index.php\/wp-json\/wp\/v2\/product_cat?post=22663"},{"taxonomy":"product_tag","embeddable":true,"href":"https:\/\/kervanmagazacilik.com\/index.php\/wp-json\/wp\/v2\/product_tag?post=22663"}],"curies":[{"name":"wp","href":"https:\/\/api.w.org\/{rel}","templated":true}]}}