{"id":22379,"date":"2025-01-14T17:51:40","date_gmt":"2025-01-14T14:51:40","guid":{"rendered":"https:\/\/kervanmagazacilik.com\/?post_type=product&#038;p=22379"},"modified":"2025-01-14T17:51:41","modified_gmt":"2025-01-14T14:51:41","slug":"611pym000131","status":"publish","type":"product","link":"https:\/\/kervanmagazacilik.com\/index.php\/urun\/611pym000131\/","title":{"rendered":"611PYM000131"},"content":{"rendered":"<p>611PYM000131<\/p>\n<p>OXFORD TEKL\u0130 KOLTUK KREM 95x100x85cm (LETTO 2604)<\/p>\n<p>SADECE KURU TEM\u0130ZLEME YAPILAB\u0130L\u0130R.<\/p>\n<p>% 100 POLYESTER \u0130THAL \u00d6RME<\/p>\n<p>KUMA\u015e ARKA Y\u00dcZ\u00dc LAM\u0130NEL\u0130<\/p>\n","protected":false},"excerpt":{"rendered":"<p>611PYM000131<\/p>\n","protected":false},"featured_media":22380,"template":"","meta":[],"product_brand":[],"product_cat":[73],"product_tag":[],"class_list":{"0":"post-22379","1":"product","2":"type-product","3":"status-publish","4":"has-post-thumbnail","6":"product_cat-611pym","8":"first","9":"instock","10":"taxable","11":"shipping-taxable","12":"product-type-simple"},"_links":{"self":[{"href":"https:\/\/kervanmagazacilik.com\/index.php\/wp-json\/wp\/v2\/product\/22379","targetHints":{"allow":["GET"]}}],"collection":[{"href":"https:\/\/kervanmagazacilik.com\/index.php\/wp-json\/wp\/v2\/product"}],"about":[{"href":"https:\/\/kervanmagazacilik.com\/index.php\/wp-json\/wp\/v2\/types\/product"}],"wp:featuredmedia":[{"embeddable":true,"href":"https:\/\/kervanmagazacilik.com\/index.php\/wp-json\/wp\/v2\/media\/22380"}],"wp:attachment":[{"href":"https:\/\/kervanmagazacilik.com\/index.php\/wp-json\/wp\/v2\/media?parent=22379"}],"wp:term":[{"taxonomy":"product_brand","embeddable":true,"href":"https:\/\/kervanmagazacilik.com\/index.php\/wp-json\/wp\/v2\/product_brand?post=22379"},{"taxonomy":"product_cat","embeddable":true,"href":"https:\/\/kervanmagazacilik.com\/index.php\/wp-json\/wp\/v2\/product_cat?post=22379"},{"taxonomy":"product_tag","embeddable":true,"href":"https:\/\/kervanmagazacilik.com\/index.php\/wp-json\/wp\/v2\/product_tag?post=22379"}],"curies":[{"name":"wp","href":"https:\/\/api.w.org\/{rel}","templated":true}]}}