{"id":22331,"date":"2025-01-13T13:55:47","date_gmt":"2025-01-13T10:55:47","guid":{"rendered":"https:\/\/kervanmagazacilik.com\/?post_type=product&#038;p=22331"},"modified":"2025-01-13T13:55:48","modified_gmt":"2025-01-13T10:55:48","slug":"759dcr000131","status":"publish","type":"product","link":"https:\/\/kervanmagazacilik.com\/index.php\/urun\/759dcr000131\/","title":{"rendered":"759DCR000131"},"content":{"rendered":"<p>759DCR000131<\/p>\n<p>SHINE AYAKLI VAZO BAL 17&#215;32,5 cm<\/p>\n<p>\u00dcr\u00fcn materyali; camd\u0131r. Bula\u015f\u0131k makinesinde y\u0131kanmamal\u0131d\u0131r. Elde, yumu\u015fak bir s\u00fcnger ve \u0131l\u0131k su ile temizlenmelidir.<\/p>\n","protected":false},"excerpt":{"rendered":"<p>759DCR000131 SHINE AYAKLI VAZO BAL 17&#215;32,5 cm \u00dcr\u00fcn materyali; camd\u0131r. Bula\u015f\u0131k makinesinde y\u0131kanmamal\u0131d\u0131r. Elde, yumu\u015fak bir s\u00fcnger ve \u0131l\u0131k su ile temizlenmelidir.<\/p>\n","protected":false},"featured_media":22334,"template":"","meta":[],"product_brand":[],"product_cat":[214],"product_tag":[5044],"class_list":{"0":"post-22331","1":"product","2":"type-product","3":"status-publish","4":"has-post-thumbnail","6":"product_cat-759dcr","7":"product_tag-759dcr000131","9":"first","10":"instock","11":"taxable","12":"shipping-taxable","13":"product-type-simple"},"_links":{"self":[{"href":"https:\/\/kervanmagazacilik.com\/index.php\/wp-json\/wp\/v2\/product\/22331","targetHints":{"allow":["GET"]}}],"collection":[{"href":"https:\/\/kervanmagazacilik.com\/index.php\/wp-json\/wp\/v2\/product"}],"about":[{"href":"https:\/\/kervanmagazacilik.com\/index.php\/wp-json\/wp\/v2\/types\/product"}],"wp:featuredmedia":[{"embeddable":true,"href":"https:\/\/kervanmagazacilik.com\/index.php\/wp-json\/wp\/v2\/media\/22334"}],"wp:attachment":[{"href":"https:\/\/kervanmagazacilik.com\/index.php\/wp-json\/wp\/v2\/media?parent=22331"}],"wp:term":[{"taxonomy":"product_brand","embeddable":true,"href":"https:\/\/kervanmagazacilik.com\/index.php\/wp-json\/wp\/v2\/product_brand?post=22331"},{"taxonomy":"product_cat","embeddable":true,"href":"https:\/\/kervanmagazacilik.com\/index.php\/wp-json\/wp\/v2\/product_cat?post=22331"},{"taxonomy":"product_tag","embeddable":true,"href":"https:\/\/kervanmagazacilik.com\/index.php\/wp-json\/wp\/v2\/product_tag?post=22331"}],"curies":[{"name":"wp","href":"https:\/\/api.w.org\/{rel}","templated":true}]}}