{"id":22294,"date":"2025-01-13T12:37:48","date_gmt":"2025-01-13T09:37:48","guid":{"rendered":"https:\/\/kervanmagazacilik.com\/?post_type=product&#038;p=22294"},"modified":"2025-01-13T12:37:48","modified_gmt":"2025-01-13T09:37:48","slug":"759dcr000127","status":"publish","type":"product","link":"https:\/\/kervanmagazacilik.com\/index.php\/urun\/759dcr000127\/","title":{"rendered":"759DCR000127"},"content":{"rendered":"<p>759DCR000127<\/p>\n<p>DROP KAPAKLI VAZO K\u00dc\u00c7\u00dcK M\u00dcRD\u00dcM 13,5&#215;34 cm<\/p>\n<p>\u00dcr\u00fcn materyali; camd\u0131r. Bula\u015f\u0131k makinesinde y\u0131kanmamal\u0131d\u0131r. Elde, yumu\u015fak bir s\u00fcnger ve \u0131l\u0131k su ile temizlenmelidir.<\/p>\n","protected":false},"excerpt":{"rendered":"<p>759DCR000127 DROP KAPAKLI VAZO K\u00dc\u00c7\u00dcK M\u00dcRD\u00dcM 13,5&#215;34 cm \u00dcr\u00fcn materyali; camd\u0131r. Bula\u015f\u0131k makinesinde y\u0131kanmamal\u0131d\u0131r. Elde, yumu\u015fak bir s\u00fcnger ve \u0131l\u0131k su ile temizlenmelidir.<\/p>\n","protected":false},"featured_media":22296,"template":"","meta":[],"product_brand":[],"product_cat":[214],"product_tag":[5036],"class_list":{"0":"post-22294","1":"product","2":"type-product","3":"status-publish","4":"has-post-thumbnail","6":"product_cat-759dcr","7":"product_tag-759dcr000127","9":"first","10":"instock","11":"taxable","12":"shipping-taxable","13":"product-type-simple"},"_links":{"self":[{"href":"https:\/\/kervanmagazacilik.com\/index.php\/wp-json\/wp\/v2\/product\/22294","targetHints":{"allow":["GET"]}}],"collection":[{"href":"https:\/\/kervanmagazacilik.com\/index.php\/wp-json\/wp\/v2\/product"}],"about":[{"href":"https:\/\/kervanmagazacilik.com\/index.php\/wp-json\/wp\/v2\/types\/product"}],"wp:featuredmedia":[{"embeddable":true,"href":"https:\/\/kervanmagazacilik.com\/index.php\/wp-json\/wp\/v2\/media\/22296"}],"wp:attachment":[{"href":"https:\/\/kervanmagazacilik.com\/index.php\/wp-json\/wp\/v2\/media?parent=22294"}],"wp:term":[{"taxonomy":"product_brand","embeddable":true,"href":"https:\/\/kervanmagazacilik.com\/index.php\/wp-json\/wp\/v2\/product_brand?post=22294"},{"taxonomy":"product_cat","embeddable":true,"href":"https:\/\/kervanmagazacilik.com\/index.php\/wp-json\/wp\/v2\/product_cat?post=22294"},{"taxonomy":"product_tag","embeddable":true,"href":"https:\/\/kervanmagazacilik.com\/index.php\/wp-json\/wp\/v2\/product_tag?post=22294"}],"curies":[{"name":"wp","href":"https:\/\/api.w.org\/{rel}","templated":true}]}}