{"id":22247,"date":"2025-01-13T11:39:50","date_gmt":"2025-01-13T08:39:50","guid":{"rendered":"https:\/\/kervanmagazacilik.com\/?post_type=product&#038;p=22247"},"modified":"2025-01-13T11:39:50","modified_gmt":"2025-01-13T08:39:50","slug":"241hsh001641","status":"publish","type":"product","link":"https:\/\/kervanmagazacilik.com\/index.php\/urun\/241hsh001641\/","title":{"rendered":"241HSH001641"},"content":{"rendered":"<p>241HSH001641<\/p>\n<p>ROSABEL RUNNER 95cm<\/p>\n<p>MALZEME: Plastik (%100 POLYESTER)<br \/>\n\u00d6l\u00e7\u00fcler +\/- 5 cm de\u011fi\u015fkenlik g\u00f6sterebilir<br \/>\nHafif nemli bezle silinebilir<\/p>\n","protected":false},"excerpt":{"rendered":"<p>241HSH001641 ROSABEL RUNNER 95cm MALZEME: Plastik (%100 POLYESTER) \u00d6l\u00e7\u00fcler +\/- 5 cm de\u011fi\u015fkenlik g\u00f6sterebilir Hafif nemli bezle silinebilir<\/p>\n","protected":false},"featured_media":22248,"template":"","meta":[],"product_brand":[],"product_cat":[2922],"product_tag":[5024],"class_list":{"0":"post-22247","1":"product","2":"type-product","3":"status-publish","4":"has-post-thumbnail","6":"product_cat-241hsh","7":"product_tag-241hsh001641","9":"first","10":"instock","11":"taxable","12":"shipping-taxable","13":"product-type-simple"},"_links":{"self":[{"href":"https:\/\/kervanmagazacilik.com\/index.php\/wp-json\/wp\/v2\/product\/22247","targetHints":{"allow":["GET"]}}],"collection":[{"href":"https:\/\/kervanmagazacilik.com\/index.php\/wp-json\/wp\/v2\/product"}],"about":[{"href":"https:\/\/kervanmagazacilik.com\/index.php\/wp-json\/wp\/v2\/types\/product"}],"wp:featuredmedia":[{"embeddable":true,"href":"https:\/\/kervanmagazacilik.com\/index.php\/wp-json\/wp\/v2\/media\/22248"}],"wp:attachment":[{"href":"https:\/\/kervanmagazacilik.com\/index.php\/wp-json\/wp\/v2\/media?parent=22247"}],"wp:term":[{"taxonomy":"product_brand","embeddable":true,"href":"https:\/\/kervanmagazacilik.com\/index.php\/wp-json\/wp\/v2\/product_brand?post=22247"},{"taxonomy":"product_cat","embeddable":true,"href":"https:\/\/kervanmagazacilik.com\/index.php\/wp-json\/wp\/v2\/product_cat?post=22247"},{"taxonomy":"product_tag","embeddable":true,"href":"https:\/\/kervanmagazacilik.com\/index.php\/wp-json\/wp\/v2\/product_tag?post=22247"}],"curies":[{"name":"wp","href":"https:\/\/api.w.org\/{rel}","templated":true}]}}