{"id":22152,"date":"2025-01-07T12:23:26","date_gmt":"2025-01-07T09:23:26","guid":{"rendered":"https:\/\/kervanmagazacilik.com\/?post_type=product&#038;p=22152"},"modified":"2025-01-07T12:23:27","modified_gmt":"2025-01-07T09:23:27","slug":"062hsh000326","status":"publish","type":"product","link":"https:\/\/kervanmagazacilik.com\/index.php\/urun\/062hsh000326\/","title":{"rendered":"062HSH000326"},"content":{"rendered":"<p>062HSH000326<\/p>\n<p>ROSE PERLA BATTAN\u0130YE EKRU 240x250cm<\/p>\n<p>Kuma\u015f: %58 PAMUK %32 AKR\u0130L\u0130K %10 POLYESTER<br \/>\nAksesuar, %100 polyester<br \/>\n30 derece y\u0131kama<br \/>\n\u00c7ama\u015f\u0131r suyu konamaz<br \/>\nKurutma makinesinde kurutulamaz<br \/>\nD\u00fc\u015f\u00fck \u0131s\u0131da \u00fct\u00fclenmelidir<\/p>\n","protected":false},"excerpt":{"rendered":"<p>062HSH000326 ROSE PERLA BATTAN\u0130YE EKRU 240x250cm Kuma\u015f: %58 PAMUK %32 AKR\u0130L\u0130K %10 POLYESTER Aksesuar, %100 polyester 30 derece y\u0131kama \u00c7ama\u015f\u0131r suyu konamaz Kurutma makinesinde kurutulamaz D\u00fc\u015f\u00fck \u0131s\u0131da \u00fct\u00fclenmelidir<\/p>\n","protected":false},"featured_media":22143,"template":"","meta":[],"product_brand":[],"product_cat":[2575],"product_tag":[2576],"class_list":{"0":"post-22152","1":"product","2":"type-product","3":"status-publish","4":"has-post-thumbnail","6":"product_cat-062hsh","7":"product_tag-062hsh000326","9":"first","10":"instock","11":"taxable","12":"shipping-taxable","13":"product-type-simple"},"_links":{"self":[{"href":"https:\/\/kervanmagazacilik.com\/index.php\/wp-json\/wp\/v2\/product\/22152","targetHints":{"allow":["GET"]}}],"collection":[{"href":"https:\/\/kervanmagazacilik.com\/index.php\/wp-json\/wp\/v2\/product"}],"about":[{"href":"https:\/\/kervanmagazacilik.com\/index.php\/wp-json\/wp\/v2\/types\/product"}],"wp:featuredmedia":[{"embeddable":true,"href":"https:\/\/kervanmagazacilik.com\/index.php\/wp-json\/wp\/v2\/media\/22143"}],"wp:attachment":[{"href":"https:\/\/kervanmagazacilik.com\/index.php\/wp-json\/wp\/v2\/media?parent=22152"}],"wp:term":[{"taxonomy":"product_brand","embeddable":true,"href":"https:\/\/kervanmagazacilik.com\/index.php\/wp-json\/wp\/v2\/product_brand?post=22152"},{"taxonomy":"product_cat","embeddable":true,"href":"https:\/\/kervanmagazacilik.com\/index.php\/wp-json\/wp\/v2\/product_cat?post=22152"},{"taxonomy":"product_tag","embeddable":true,"href":"https:\/\/kervanmagazacilik.com\/index.php\/wp-json\/wp\/v2\/product_tag?post=22152"}],"curies":[{"name":"wp","href":"https:\/\/api.w.org\/{rel}","templated":true}]}}