{"id":21992,"date":"2025-01-02T09:46:56","date_gmt":"2025-01-02T06:46:56","guid":{"rendered":"https:\/\/kervanmagazacilik.com\/?post_type=product&#038;p=21992"},"modified":"2025-01-02T09:46:57","modified_gmt":"2025-01-02T06:46:57","slug":"759npt000035","status":"publish","type":"product","link":"https:\/\/kervanmagazacilik.com\/index.php\/urun\/759npt000035\/","title":{"rendered":"759NPT000035"},"content":{"rendered":"<p>759NPT000035<\/p>\n<p>5&#8217;L\u0130 UZUN KOKU KAMI\u015eI S\u0130YAH<\/p>\n<p>ODA KOKULARINIZDA KULLANMANIZ \u0130\u00c7\u0130N 5&#8217;L\u0130 OLARAK MEVCUTTUR. KOKU \u0130\u00c7\u0130NE KOYUNUZ, ZAMANLA KOKUYU EM\u0130P YAYILMASINI SA\u011eLAYACAK. ARADA SIRADA KAMI\u015eLARI TERS \u00c7EV\u0130RMEN\u0130Z \u00d6NER\u0130L\u0130R.<\/p>\n<p>&nbsp;<\/p>\n","protected":false},"excerpt":{"rendered":"<p>759NPT000035 5&#8217;L\u0130 UZUN KOKU KAMI\u015eI S\u0130YAH ODA KOKULARINIZDA KULLANMANIZ \u0130\u00c7\u0130N 5&#8217;L\u0130 OLARAK MEVCUTTUR. KOKU \u0130\u00c7\u0130NE KOYUNUZ, ZAMANLA KOKUYU EM\u0130P YAYILMASINI SA\u011eLAYACAK. ARADA SIRADA KAMI\u015eLARI TERS \u00c7EV\u0130RMEN\u0130Z \u00d6NER\u0130L\u0130R. &nbsp;<\/p>\n","protected":false},"featured_media":21994,"template":"","meta":[],"product_brand":[],"product_cat":[4407],"product_tag":[4988],"class_list":{"0":"post-21992","1":"product","2":"type-product","3":"status-publish","4":"has-post-thumbnail","6":"product_cat-759npt","7":"product_tag-759npt000035","9":"first","10":"instock","11":"taxable","12":"shipping-taxable","13":"product-type-simple"},"_links":{"self":[{"href":"https:\/\/kervanmagazacilik.com\/index.php\/wp-json\/wp\/v2\/product\/21992","targetHints":{"allow":["GET"]}}],"collection":[{"href":"https:\/\/kervanmagazacilik.com\/index.php\/wp-json\/wp\/v2\/product"}],"about":[{"href":"https:\/\/kervanmagazacilik.com\/index.php\/wp-json\/wp\/v2\/types\/product"}],"wp:featuredmedia":[{"embeddable":true,"href":"https:\/\/kervanmagazacilik.com\/index.php\/wp-json\/wp\/v2\/media\/21994"}],"wp:attachment":[{"href":"https:\/\/kervanmagazacilik.com\/index.php\/wp-json\/wp\/v2\/media?parent=21992"}],"wp:term":[{"taxonomy":"product_brand","embeddable":true,"href":"https:\/\/kervanmagazacilik.com\/index.php\/wp-json\/wp\/v2\/product_brand?post=21992"},{"taxonomy":"product_cat","embeddable":true,"href":"https:\/\/kervanmagazacilik.com\/index.php\/wp-json\/wp\/v2\/product_cat?post=21992"},{"taxonomy":"product_tag","embeddable":true,"href":"https:\/\/kervanmagazacilik.com\/index.php\/wp-json\/wp\/v2\/product_tag?post=21992"}],"curies":[{"name":"wp","href":"https:\/\/api.w.org\/{rel}","templated":true}]}}