{"id":21964,"date":"2024-12-31T15:45:32","date_gmt":"2024-12-31T12:45:32","guid":{"rendered":"https:\/\/kervanmagazacilik.com\/?post_type=product&#038;p=21964"},"modified":"2024-12-31T15:45:34","modified_gmt":"2024-12-31T12:45:34","slug":"759npt000023","status":"publish","type":"product","link":"https:\/\/kervanmagazacilik.com\/index.php\/urun\/759npt000023\/","title":{"rendered":"759NPT000023"},"content":{"rendered":"<p>759NPT000023<\/p>\n<p>CLEAN CRIPS 500 CC ODA SPREY\u0130<\/p>\n<p>\u00dcst notalar: Okyanus, \u015eeftali, Elma<br \/>\nOrta notalar: G\u00fcl, Yasemin, Leylak<br \/>\nTemel notalar: Sandal A\u011fac\u0131, K\u00f6knar, Kedi otu Sprey formu ile kullan\u0131m kolayl\u0131\u011f\u0131 sa\u011flayan oda ve kuma\u015f kokusu, t\u00fcm ya\u015fam alanlar\u0131na ve \u00e7ama\u015f\u0131r, havlu, kuma\u015f gibi tekstil \u00fcr\u00fcnlerine uygulanabilir. Odan\u0131n b\u00fcy\u00fckl\u00fc\u011f\u00fcne g\u00f6re g\u00fcnde iki veya \u00fc\u00e7 kez istenen miktarda kullan\u0131labilir.\u00dcr\u00fcn\u00fcn ba\u015fl\u0131\u011f\u0131ndaki g\u00fcvenlik kilidini a\u00e7t\u0131ktan sonra \u00fcr\u00fcn\u00fc dik tutunuz ve ilk spreyleme s\u00fcresi \u00f6ncesi en az 3 kere spreyleyiniz. Odan\u0131n b\u00fcy\u00fckl\u00fc\u011f\u00fcne g\u00f6re bir ya da iki kez s\u0131kt\u0131ktan sonra koku hemen yay\u0131lacakt\u0131r. \u00c7ocuklardan uzak tutunuz. Hamilelerin, bebeklerin ve solunum sistemi hastal\u0131\u011f\u0131 olan ki\u015filerin bulundu\u011fu ortamlarda kullanmay\u0131n\u0131z. G\u0131da maddelerinden uzak tutunuz. Do\u011frudan solumay\u0131n\u0131z, v\u00fccuda temas ettirmeyiniz. Alerjiye sebebiyet verebilir. Ah\u015fap ve cilal\u0131 y\u00fczeyler ile temas\u0131ndan ka\u00e7\u0131n\u0131n\u0131z.<\/p>\n","protected":false},"excerpt":{"rendered":"<p>759NPT000023 CLEAN CRIPS 500 CC ODA SPREY\u0130 \u00dcst notalar: Okyanus, \u015eeftali, Elma Orta notalar: G\u00fcl, Yasemin, Leylak Temel notalar: Sandal A\u011fac\u0131, K\u00f6knar, Kedi otu Sprey formu ile kullan\u0131m kolayl\u0131\u011f\u0131 sa\u011flayan oda ve kuma\u015f kokusu, t\u00fcm ya\u015fam alanlar\u0131na ve \u00e7ama\u015f\u0131r, havlu, kuma\u015f gibi tekstil \u00fcr\u00fcnlerine uygulanabilir. Odan\u0131n b\u00fcy\u00fckl\u00fc\u011f\u00fcne g\u00f6re g\u00fcnde iki veya \u00fc\u00e7 kez istenen miktarda [&hellip;]<\/p>\n","protected":false},"featured_media":21965,"template":"","meta":[],"product_brand":[],"product_cat":[4407],"product_tag":[4981],"class_list":{"0":"post-21964","1":"product","2":"type-product","3":"status-publish","4":"has-post-thumbnail","6":"product_cat-759npt","7":"product_tag-759npt000023","9":"first","10":"instock","11":"taxable","12":"shipping-taxable","13":"product-type-simple"},"_links":{"self":[{"href":"https:\/\/kervanmagazacilik.com\/index.php\/wp-json\/wp\/v2\/product\/21964","targetHints":{"allow":["GET"]}}],"collection":[{"href":"https:\/\/kervanmagazacilik.com\/index.php\/wp-json\/wp\/v2\/product"}],"about":[{"href":"https:\/\/kervanmagazacilik.com\/index.php\/wp-json\/wp\/v2\/types\/product"}],"wp:featuredmedia":[{"embeddable":true,"href":"https:\/\/kervanmagazacilik.com\/index.php\/wp-json\/wp\/v2\/media\/21965"}],"wp:attachment":[{"href":"https:\/\/kervanmagazacilik.com\/index.php\/wp-json\/wp\/v2\/media?parent=21964"}],"wp:term":[{"taxonomy":"product_brand","embeddable":true,"href":"https:\/\/kervanmagazacilik.com\/index.php\/wp-json\/wp\/v2\/product_brand?post=21964"},{"taxonomy":"product_cat","embeddable":true,"href":"https:\/\/kervanmagazacilik.com\/index.php\/wp-json\/wp\/v2\/product_cat?post=21964"},{"taxonomy":"product_tag","embeddable":true,"href":"https:\/\/kervanmagazacilik.com\/index.php\/wp-json\/wp\/v2\/product_tag?post=21964"}],"curies":[{"name":"wp","href":"https:\/\/api.w.org\/{rel}","templated":true}]}}