{"id":21927,"date":"2024-12-31T15:05:13","date_gmt":"2024-12-31T12:05:13","guid":{"rendered":"https:\/\/kervanmagazacilik.com\/?post_type=product&#038;p=21927"},"modified":"2024-12-31T15:05:14","modified_gmt":"2024-12-31T12:05:14","slug":"759npt000014","status":"publish","type":"product","link":"https:\/\/kervanmagazacilik.com\/index.php\/urun\/759npt000014\/","title":{"rendered":"759NPT000014"},"content":{"rendered":"<p>759NPT000014<\/p>\n<p>CR\u0130STA KAPAKLI MUM 8X10 CM BORDO<\/p>\n<p>Mum, ev dekorasyonunda her alanda kullan\u0131labilen i\u015flevsel bir e\u015fya niteli\u011fi ta\u015f\u0131r. K\u00fc\u00e7\u00fck ama etkisi b\u00fcy\u00fck olan mumlar, ya\u015fam alan\u0131n\u0131za zarif ve \u015f\u0131k bir g\u00f6r\u00fcnt\u00fc sunuyor. G\u00fcn\u00fcn yorgunlu\u011funu atmak istedi\u011finizde, huzurlu bir ortam yaratmak i\u00e7in mumlar\u0131m\u0131z\u0131 tercih edebilirsiniz. Zamanla mum bitti\u011finde, \u00fcr\u00fcn\u00fc dekoratif olarak kullanabilirsiniz ya da inci taneli mum tozu alarak kendiniz tekrar muma d\u00f6n\u00fc\u015ft\u00fcrebilirsiniz.<\/p>\n","protected":false},"excerpt":{"rendered":"<p>759NPT000014 CR\u0130STA KAPAKLI MUM 8X10 CM BORDO Mum, ev dekorasyonunda her alanda kullan\u0131labilen i\u015flevsel bir e\u015fya niteli\u011fi ta\u015f\u0131r. K\u00fc\u00e7\u00fck ama etkisi b\u00fcy\u00fck olan mumlar, ya\u015fam alan\u0131n\u0131za zarif ve \u015f\u0131k bir g\u00f6r\u00fcnt\u00fc sunuyor. G\u00fcn\u00fcn yorgunlu\u011funu atmak istedi\u011finizde, huzurlu bir ortam yaratmak i\u00e7in mumlar\u0131m\u0131z\u0131 tercih edebilirsiniz. Zamanla mum bitti\u011finde, \u00fcr\u00fcn\u00fc dekoratif olarak kullanabilirsiniz ya da inci taneli [&hellip;]<\/p>\n","protected":false},"featured_media":21929,"template":"","meta":[],"product_brand":[],"product_cat":[4407],"product_tag":[4975],"class_list":{"0":"post-21927","1":"product","2":"type-product","3":"status-publish","4":"has-post-thumbnail","6":"product_cat-759npt","7":"product_tag-759npt000014","9":"first","10":"instock","11":"taxable","12":"shipping-taxable","13":"product-type-simple"},"_links":{"self":[{"href":"https:\/\/kervanmagazacilik.com\/index.php\/wp-json\/wp\/v2\/product\/21927","targetHints":{"allow":["GET"]}}],"collection":[{"href":"https:\/\/kervanmagazacilik.com\/index.php\/wp-json\/wp\/v2\/product"}],"about":[{"href":"https:\/\/kervanmagazacilik.com\/index.php\/wp-json\/wp\/v2\/types\/product"}],"wp:featuredmedia":[{"embeddable":true,"href":"https:\/\/kervanmagazacilik.com\/index.php\/wp-json\/wp\/v2\/media\/21929"}],"wp:attachment":[{"href":"https:\/\/kervanmagazacilik.com\/index.php\/wp-json\/wp\/v2\/media?parent=21927"}],"wp:term":[{"taxonomy":"product_brand","embeddable":true,"href":"https:\/\/kervanmagazacilik.com\/index.php\/wp-json\/wp\/v2\/product_brand?post=21927"},{"taxonomy":"product_cat","embeddable":true,"href":"https:\/\/kervanmagazacilik.com\/index.php\/wp-json\/wp\/v2\/product_cat?post=21927"},{"taxonomy":"product_tag","embeddable":true,"href":"https:\/\/kervanmagazacilik.com\/index.php\/wp-json\/wp\/v2\/product_tag?post=21927"}],"curies":[{"name":"wp","href":"https:\/\/api.w.org\/{rel}","templated":true}]}}