{"id":21916,"date":"2024-12-31T10:07:58","date_gmt":"2024-12-31T07:07:58","guid":{"rendered":"https:\/\/kervanmagazacilik.com\/?post_type=product&#038;p=21916"},"modified":"2024-12-31T10:07:58","modified_gmt":"2024-12-31T07:07:58","slug":"611etr000013-2","status":"publish","type":"product","link":"https:\/\/kervanmagazacilik.com\/index.php\/urun\/611etr000013-2\/","title":{"rendered":"611ETR000013"},"content":{"rendered":"<p>611ETR000013<\/p>\n<p>NANA YUVARLAK YEMEK MASASI 120x120x76,5cm<\/p>\n<p>Rattan &#8211; Glass<\/p>\n<p>Mobilya do\u011frudan g\u00fcne\u015f \u0131\u015f\u0131\u011f\u0131na maruz kalmadan kuru ortamda tutulmal\u0131d\u0131r.<br \/>\nMobilyay\u0131 temizlemek i\u00e7in temiz ve yumu\u015fak bir bezle silmeniz yeterlidir.<br \/>\nCam\u0131 temizlemek i\u00e7in cam temizleyici sabun ile temiz bir bez kullan\u0131n<br \/>\nDirekt olarak s\u0131cak y\u00fczeyler ile temas edilmemelidir, \u0131s\u0131y\u0131 \u00f6nlemek i\u00e7in altl\u0131k kullan\u0131lmal\u0131d\u0131r.<\/p>\n","protected":false},"excerpt":{"rendered":"<p>611ETR000013 NANA YUVARLAK YEMEK MASASI 120x120x76,5cm Rattan &#8211; Glass Mobilya do\u011frudan g\u00fcne\u015f \u0131\u015f\u0131\u011f\u0131na maruz kalmadan kuru ortamda tutulmal\u0131d\u0131r. Mobilyay\u0131 temizlemek i\u00e7in temiz ve yumu\u015fak bir bezle silmeniz yeterlidir. Cam\u0131 temizlemek i\u00e7in cam temizleyici sabun ile temiz bir bez kullan\u0131n Direkt olarak s\u0131cak y\u00fczeyler ile temas edilmemelidir, \u0131s\u0131y\u0131 \u00f6nlemek i\u00e7in altl\u0131k kullan\u0131lmal\u0131d\u0131r.<\/p>\n","protected":false},"featured_media":21917,"template":"","meta":[],"product_brand":[],"product_cat":[4232],"product_tag":[4253],"class_list":{"0":"post-21916","1":"product","2":"type-product","3":"status-publish","4":"has-post-thumbnail","6":"product_cat-611etr","7":"product_tag-611etr000013","9":"first","10":"instock","11":"taxable","12":"shipping-taxable","13":"product-type-simple"},"_links":{"self":[{"href":"https:\/\/kervanmagazacilik.com\/index.php\/wp-json\/wp\/v2\/product\/21916","targetHints":{"allow":["GET"]}}],"collection":[{"href":"https:\/\/kervanmagazacilik.com\/index.php\/wp-json\/wp\/v2\/product"}],"about":[{"href":"https:\/\/kervanmagazacilik.com\/index.php\/wp-json\/wp\/v2\/types\/product"}],"wp:featuredmedia":[{"embeddable":true,"href":"https:\/\/kervanmagazacilik.com\/index.php\/wp-json\/wp\/v2\/media\/21917"}],"wp:attachment":[{"href":"https:\/\/kervanmagazacilik.com\/index.php\/wp-json\/wp\/v2\/media?parent=21916"}],"wp:term":[{"taxonomy":"product_brand","embeddable":true,"href":"https:\/\/kervanmagazacilik.com\/index.php\/wp-json\/wp\/v2\/product_brand?post=21916"},{"taxonomy":"product_cat","embeddable":true,"href":"https:\/\/kervanmagazacilik.com\/index.php\/wp-json\/wp\/v2\/product_cat?post=21916"},{"taxonomy":"product_tag","embeddable":true,"href":"https:\/\/kervanmagazacilik.com\/index.php\/wp-json\/wp\/v2\/product_tag?post=21916"}],"curies":[{"name":"wp","href":"https:\/\/api.w.org\/{rel}","templated":true}]}}