{"id":21886,"date":"2024-12-31T09:06:34","date_gmt":"2024-12-31T06:06:34","guid":{"rendered":"https:\/\/kervanmagazacilik.com\/?post_type=product&#038;p=21886"},"modified":"2024-12-31T09:07:11","modified_gmt":"2024-12-31T06:07:11","slug":"611etr000001-2","status":"publish","type":"product","link":"https:\/\/kervanmagazacilik.com\/index.php\/urun\/611etr000001-2\/","title":{"rendered":"611ETR000001"},"content":{"rendered":"<p>611ETR000001<\/p>\n<p>VEXANA SANDALYE KOLSUZ 45,5&#215;58,5x105cm<\/p>\n<p>Rattan % 100 Olefin<\/p>\n<p>Mobilya do\u011frudan g\u00fcne\u015f \u0131\u015f\u0131\u011f\u0131na maruz kalmadan kuru bir ortamda tutulmal\u0131d\u0131r.<br \/>\nMobilyay\u0131 temizlemek i\u00e7in sadece temiz yumu\u015fak bir bezle silin.<br \/>\nMinderi sadece gerekti\u011finde y\u0131kay\u0131n, s\u0131k y\u0131kama kuma\u015f\u0131n dokusunu etkileyecek ve rengin daha h\u0131zl\u0131 solmas\u0131na neden olacakt\u0131r.<br \/>\nAlkol, kimyasallar veya a\u011fart\u0131c\u0131 kullanmaya \u00e7al\u0131\u015fmay\u0131n, bunlar daha fazla hasara ve renk solmas\u0131na neden olabilir.<br \/>\nG\u00fcne\u015f \u0131\u015f\u0131nlar\u0131 sadece solmaya neden olmakla kalmaz, ayn\u0131 zamanda lifleri zay\u0131flataca\u011f\u0131 i\u00e7in zamanla deliklere yol a\u00e7abilmektedir, bu nedenle do\u011frudan veya dolayl\u0131 g\u00fcne\u015f \u0131\u015f\u0131\u011f\u0131ndan uzakta konumland\u0131r\u0131n\u0131z.<\/p>\n","protected":false},"excerpt":{"rendered":"<p>611ETR000001 VEXANA SANDALYE KOLSUZ 45,5&#215;58,5x105cm Rattan % 100 Olefin Mobilya do\u011frudan g\u00fcne\u015f \u0131\u015f\u0131\u011f\u0131na maruz kalmadan kuru bir ortamda tutulmal\u0131d\u0131r. Mobilyay\u0131 temizlemek i\u00e7in sadece temiz yumu\u015fak bir bezle silin. Minderi sadece gerekti\u011finde y\u0131kay\u0131n, s\u0131k y\u0131kama kuma\u015f\u0131n dokusunu etkileyecek ve rengin daha h\u0131zl\u0131 solmas\u0131na neden olacakt\u0131r. Alkol, kimyasallar veya a\u011fart\u0131c\u0131 kullanmaya \u00e7al\u0131\u015fmay\u0131n, bunlar daha fazla hasara ve [&hellip;]<\/p>\n","protected":false},"featured_media":21887,"template":"","meta":[],"product_brand":[],"product_cat":[4232],"product_tag":[4242],"class_list":{"0":"post-21886","1":"product","2":"type-product","3":"status-publish","4":"has-post-thumbnail","6":"product_cat-611etr","7":"product_tag-611etr000001","9":"first","10":"instock","11":"taxable","12":"shipping-taxable","13":"product-type-simple"},"_links":{"self":[{"href":"https:\/\/kervanmagazacilik.com\/index.php\/wp-json\/wp\/v2\/product\/21886","targetHints":{"allow":["GET"]}}],"collection":[{"href":"https:\/\/kervanmagazacilik.com\/index.php\/wp-json\/wp\/v2\/product"}],"about":[{"href":"https:\/\/kervanmagazacilik.com\/index.php\/wp-json\/wp\/v2\/types\/product"}],"wp:featuredmedia":[{"embeddable":true,"href":"https:\/\/kervanmagazacilik.com\/index.php\/wp-json\/wp\/v2\/media\/21887"}],"wp:attachment":[{"href":"https:\/\/kervanmagazacilik.com\/index.php\/wp-json\/wp\/v2\/media?parent=21886"}],"wp:term":[{"taxonomy":"product_brand","embeddable":true,"href":"https:\/\/kervanmagazacilik.com\/index.php\/wp-json\/wp\/v2\/product_brand?post=21886"},{"taxonomy":"product_cat","embeddable":true,"href":"https:\/\/kervanmagazacilik.com\/index.php\/wp-json\/wp\/v2\/product_cat?post=21886"},{"taxonomy":"product_tag","embeddable":true,"href":"https:\/\/kervanmagazacilik.com\/index.php\/wp-json\/wp\/v2\/product_tag?post=21886"}],"curies":[{"name":"wp","href":"https:\/\/api.w.org\/{rel}","templated":true}]}}