{"id":21848,"date":"2024-12-30T15:51:06","date_gmt":"2024-12-30T12:51:06","guid":{"rendered":"https:\/\/kervanmagazacilik.com\/?post_type=product&#038;p=21848"},"modified":"2024-12-30T15:51:10","modified_gmt":"2024-12-30T12:51:10","slug":"759ind120055","status":"publish","type":"product","link":"https:\/\/kervanmagazacilik.com\/index.php\/urun\/759ind120055\/","title":{"rendered":"759IND120055"},"content":{"rendered":"<p>759IND120055<\/p>\n<p>48347-53 AKSESUAR FIL 7 LI<\/p>\n<p>Kuru bez ile toz al\u0131nmal\u0131d\u0131r, su ile temas etti\u011finde iyice kurulanmal\u0131d\u0131r.<\/p>\n","protected":false},"excerpt":{"rendered":"<p>759IND120055 48347-53 AKSESUAR FIL 7 LI Kuru bez ile toz al\u0131nmal\u0131d\u0131r, su ile temas etti\u011finde iyice kurulanmal\u0131d\u0131r.<\/p>\n","protected":false},"featured_media":21860,"template":"","meta":[],"product_brand":[],"product_cat":[232],"product_tag":[4967],"class_list":{"0":"post-21848","1":"product","2":"type-product","3":"status-publish","4":"has-post-thumbnail","6":"product_cat-759ind","7":"product_tag-759ind120055","9":"first","10":"instock","11":"taxable","12":"shipping-taxable","13":"product-type-simple"},"_links":{"self":[{"href":"https:\/\/kervanmagazacilik.com\/index.php\/wp-json\/wp\/v2\/product\/21848","targetHints":{"allow":["GET"]}}],"collection":[{"href":"https:\/\/kervanmagazacilik.com\/index.php\/wp-json\/wp\/v2\/product"}],"about":[{"href":"https:\/\/kervanmagazacilik.com\/index.php\/wp-json\/wp\/v2\/types\/product"}],"wp:featuredmedia":[{"embeddable":true,"href":"https:\/\/kervanmagazacilik.com\/index.php\/wp-json\/wp\/v2\/media\/21860"}],"wp:attachment":[{"href":"https:\/\/kervanmagazacilik.com\/index.php\/wp-json\/wp\/v2\/media?parent=21848"}],"wp:term":[{"taxonomy":"product_brand","embeddable":true,"href":"https:\/\/kervanmagazacilik.com\/index.php\/wp-json\/wp\/v2\/product_brand?post=21848"},{"taxonomy":"product_cat","embeddable":true,"href":"https:\/\/kervanmagazacilik.com\/index.php\/wp-json\/wp\/v2\/product_cat?post=21848"},{"taxonomy":"product_tag","embeddable":true,"href":"https:\/\/kervanmagazacilik.com\/index.php\/wp-json\/wp\/v2\/product_tag?post=21848"}],"curies":[{"name":"wp","href":"https:\/\/api.w.org\/{rel}","templated":true}]}}